{"id":52,"date":"2024-09-03T11:11:22","date_gmt":"2024-09-03T14:11:22","guid":{"rendered":"https:\/\/visiteprados.com.br\/radiscan\/?page_id=52"},"modified":"2024-09-13T12:29:44","modified_gmt":"2024-09-13T15:29:44","slug":"blog","status":"publish","type":"page","link":"https:\/\/visiteprados.com.br\/radiscan\/blog\/","title":{"rendered":"Blog"},"content":{"rendered":"\t\t<div class=\"bdp-post-masonry-wrp bdp-clearfix\" id=\"bdp-post-masonry-wrp-1\">\r\n\t\t\t<div class=\"bdp-post-masonry bdp-clearfix bdp-effect-2 bdp-design-2 bdpgrid-3\" id=\"bdp-post-masonry-1\">\r\n\r\n\t\t\t\t<div class=\"bdp-post-grid bdp-medium-4 bdp-columns\">\r\n\t<div class=\"bdp-post-grid-content \">\r\n\t\t\t\t<div class=\"bdp-post-image-bg\">\r\n\t\t\t<a href=\"https:\/\/visiteprados.com.br\/radiscan\/2024\/10\/22\/a-confiabilidade-atemporal-das-radiografias-tecnologia-moderna-a-servico-da-odontologia\/\">\r\n\t\t\t\t<img decoding=\"async\" src=\"https:\/\/visiteprados.com.br\/radiscan\/wp-content\/uploads\/2024\/10\/blog-1.jpg\" alt=\"A confiabilidade atemporal das radiografias: tecnologia moderna a servi\u00e7o da odontologia\" \/>\r\n\t\t\t<\/a>\r\n\t\t<\/div>\r\n\t\t\r\n\t\t<div class=\"bdp-post-margin-content\">\r\n\t\t\t\r\n\t\t\t<h2 class=\"bdp-post-title\">\r\n\t\t\t\t<a href=\"https:\/\/visiteprados.com.br\/radiscan\/2024\/10\/22\/a-confiabilidade-atemporal-das-radiografias-tecnologia-moderna-a-servico-da-odontologia\/\">A confiabilidade atemporal das radiografias: tecnologia moderna a servi\u00e7o da odontologia<\/a>\r\n\t\t\t<\/h2>\r\n\r\n\t\t\t\t\t\t\t<div class=\"bdp-post-content\">\r\n\t\t\t\t\t<div class=\"bdp-post-short-content\">A radiografia \u00e9 uma ferramenta essencial na \u00e1rea da sa\u00fade, e sua confiabilidade vem sendo...<\/div>\r\n\t\t\t\t\t\t\t\t\t\t<a href=\"https:\/\/visiteprados.com.br\/radiscan\/2024\/10\/22\/a-confiabilidade-atemporal-das-radiografias-tecnologia-moderna-a-servico-da-odontologia\/\" class=\"bdp-readmorebtn\">Leia mais<\/a>\r\n\t\t\t\t\t\t\t\t\t<\/div>\r\n\t\t\t\t\t<\/div>\r\n\t<\/div>\r\n<\/div><div class=\"bdp-post-grid bdp-medium-4 bdp-columns\">\r\n\t<div class=\"bdp-post-grid-content \">\r\n\t\t\t\t<div class=\"bdp-post-image-bg\">\r\n\t\t\t<a href=\"https:\/\/visiteprados.com.br\/radiscan\/2024\/09\/04\/a-importancia-dos-diagnosticos-precisos-na-odontologia-agilidade-e-eficiencia-no-tratamento\/\">\r\n\t\t\t\t<img decoding=\"async\" src=\"https:\/\/visiteprados.com.br\/radiscan\/wp-content\/uploads\/2024\/09\/materia_exemplo-3.jpg\" alt=\"A Import\u00e2ncia dos Diagn\u00f3sticos Precisos na Odontologia: Agilidade e Efici\u00eancia no Tratamento\" \/>\r\n\t\t\t<\/a>\r\n\t\t<\/div>\r\n\t\t\r\n\t\t<div class=\"bdp-post-margin-content\">\r\n\t\t\t\r\n\t\t\t<h2 class=\"bdp-post-title\">\r\n\t\t\t\t<a href=\"https:\/\/visiteprados.com.br\/radiscan\/2024\/09\/04\/a-importancia-dos-diagnosticos-precisos-na-odontologia-agilidade-e-eficiencia-no-tratamento\/\">A Import\u00e2ncia dos Diagn\u00f3sticos Precisos na Odontologia: Agilidade e Efici\u00eancia no Tratamento<\/a>\r\n\t\t\t<\/h2>\r\n\r\n\t\t\t\t\t\t\t<div class=\"bdp-post-content\">\r\n\t\t\t\t\t<div class=\"bdp-post-short-content\">Em tratamentos de sa\u00fade, especialmente na odontologia, a precis\u00e3o no diagn\u00f3stico \u00e9 um dos fatores...<\/div>\r\n\t\t\t\t\t\t\t\t\t\t<a href=\"https:\/\/visiteprados.com.br\/radiscan\/2024\/09\/04\/a-importancia-dos-diagnosticos-precisos-na-odontologia-agilidade-e-eficiencia-no-tratamento\/\" class=\"bdp-readmorebtn\">Leia mais<\/a>\r\n\t\t\t\t\t\t\t\t\t<\/div>\r\n\t\t\t\t\t<\/div>\r\n\t<\/div>\r\n<\/div><div class=\"bdp-post-grid bdp-medium-4 bdp-columns\">\r\n\t<div class=\"bdp-post-grid-content \">\r\n\t\t\t\t<div class=\"bdp-post-image-bg\">\r\n\t\t\t<a href=\"https:\/\/visiteprados.com.br\/radiscan\/2024\/08\/22\/scanner-3d-intraoral-tecnologia-a-servico-da-odontologia-na-radiscan\/\">\r\n\t\t\t\t<img decoding=\"async\" src=\"https:\/\/visiteprados.com.br\/radiscan\/wp-content\/uploads\/2024\/08\/blog.jpg\" alt=\"Scanner 3D Intraoral: Tecnologia a Servi\u00e7o da Odontologia na Radiscan\" \/>\r\n\t\t\t<\/a>\r\n\t\t<\/div>\r\n\t\t\r\n\t\t<div class=\"bdp-post-margin-content\">\r\n\t\t\t\r\n\t\t\t<h2 class=\"bdp-post-title\">\r\n\t\t\t\t<a href=\"https:\/\/visiteprados.com.br\/radiscan\/2024\/08\/22\/scanner-3d-intraoral-tecnologia-a-servico-da-odontologia-na-radiscan\/\">Scanner 3D Intraoral: Tecnologia a Servi\u00e7o da Odontologia na Radiscan<\/a>\r\n\t\t\t<\/h2>\r\n\r\n\t\t\t\t\t\t\t<div class=\"bdp-post-content\">\r\n\t\t\t\t\t<div class=\"bdp-post-short-content\">A moderniza\u00e7\u00e3o da odontologia tem ganhado for\u00e7a com tecnologias como o scanner 3D intraoral, uma...<\/div>\r\n\t\t\t\t\t\t\t\t\t\t<a href=\"https:\/\/visiteprados.com.br\/radiscan\/2024\/08\/22\/scanner-3d-intraoral-tecnologia-a-servico-da-odontologia-na-radiscan\/\" class=\"bdp-readmorebtn\">Leia mais<\/a>\r\n\t\t\t\t\t\t\t\t\t<\/div>\r\n\t\t\t\t\t<\/div>\r\n\t<\/div>\r\n<\/div><div class=\"bdp-post-grid bdp-medium-4 bdp-columns\">\r\n\t<div class=\"bdp-post-grid-content \">\r\n\t\t\t\t<div class=\"bdp-post-image-bg\">\r\n\t\t\t<a href=\"https:\/\/visiteprados.com.br\/radiscan\/2024\/06\/04\/4-dicas-essenciais-para-uma-higiene-bucal-eficaz-e-prevencao-de-problemas-fututos\/\">\r\n\t\t\t\t<img decoding=\"async\" src=\"https:\/\/visiteprados.com.br\/radiscan\/wp-content\/uploads\/2024\/06\/blog-1.jpg\" alt=\"4 Dicas Essenciais para uma Higiene Bucal Eficaz e Preven\u00e7\u00e3o de Problemas Fututos\" \/>\r\n\t\t\t<\/a>\r\n\t\t<\/div>\r\n\t\t\r\n\t\t<div class=\"bdp-post-margin-content\">\r\n\t\t\t\r\n\t\t\t<h2 class=\"bdp-post-title\">\r\n\t\t\t\t<a href=\"https:\/\/visiteprados.com.br\/radiscan\/2024\/06\/04\/4-dicas-essenciais-para-uma-higiene-bucal-eficaz-e-prevencao-de-problemas-fututos\/\">4 Dicas Essenciais para uma Higiene Bucal Eficaz e Preven\u00e7\u00e3o de Problemas Fututos<\/a>\r\n\t\t\t<\/h2>\r\n\r\n\t\t\t\t\t\t\t<div class=\"bdp-post-content\">\r\n\t\t\t\t\t<div class=\"bdp-post-short-content\">Manter uma rotina de higiene bucal adequada \u00e9 fundamental para prevenir problemas dent\u00e1rios e garantir...<\/div>\r\n\t\t\t\t\t\t\t\t\t\t<a href=\"https:\/\/visiteprados.com.br\/radiscan\/2024\/06\/04\/4-dicas-essenciais-para-uma-higiene-bucal-eficaz-e-prevencao-de-problemas-fututos\/\" class=\"bdp-readmorebtn\">Leia mais<\/a>\r\n\t\t\t\t\t\t\t\t\t<\/div>\r\n\t\t\t\t\t<\/div>\r\n\t<\/div>\r\n<\/div>\t\t\t<\/div>\r\n\r\n\t\t\t\t\t<\/div>\r\n\t\n","protected":false},"excerpt":{"rendered":"","protected":false},"author":1,"featured_media":0,"parent":0,"menu_order":0,"comment_status":"closed","ping_status":"closed","template":"","meta":{"footnotes":""},"class_list":["post-52","page","type-page","status-publish","hentry"],"_links":{"self":[{"href":"https:\/\/visiteprados.com.br\/radiscan\/wp-json\/wp\/v2\/pages\/52","targetHints":{"allow":["GET"]}}],"collection":[{"href":"https:\/\/visiteprados.com.br\/radiscan\/wp-json\/wp\/v2\/pages"}],"about":[{"href":"https:\/\/visiteprados.com.br\/radiscan\/wp-json\/wp\/v2\/types\/page"}],"author":[{"embeddable":true,"href":"https:\/\/visiteprados.com.br\/radiscan\/wp-json\/wp\/v2\/users\/1"}],"replies":[{"embeddable":true,"href":"https:\/\/visiteprados.com.br\/radiscan\/wp-json\/wp\/v2\/comments?post=52"}],"version-history":[{"count":0,"href":"https:\/\/visiteprados.com.br\/radiscan\/wp-json\/wp\/v2\/pages\/52\/revisions"}],"wp:attachment":[{"href":"https:\/\/visiteprados.com.br\/radiscan\/wp-json\/wp\/v2\/media?parent=52"}],"curies":[{"name":"wp","href":"https:\/\/api.w.org\/{rel}","templated":true}]}}