{"id":157,"date":"2024-11-08T13:03:34","date_gmt":"2024-11-08T16:03:34","guid":{"rendered":"https:\/\/visiteprados.com.br\/radiscan\/?page_id=157"},"modified":"2024-11-08T14:34:58","modified_gmt":"2024-11-08T17:34:58","slug":"faca-seu-depoimento","status":"publish","type":"page","link":"https:\/\/visiteprados.com.br\/radiscan\/faca-seu-depoimento\/","title":{"rendered":"Fa\u00e7a seu depoimento"},"content":{"rendered":"\t\t<div data-elementor-type=\"wp-page\" data-elementor-id=\"157\" class=\"elementor elementor-157\">\n\t\t\t\t\t\t<section class=\"elementor-section elementor-top-section elementor-element elementor-element-3449713 elementor-section-boxed elementor-section-height-default elementor-section-height-default\" data-id=\"3449713\" data-element_type=\"section\">\n\t\t\t\t\t\t<div class=\"elementor-container elementor-column-gap-no\">\n\t\t\t\t\t<div class=\"elementor-column elementor-col-100 elementor-top-column elementor-element elementor-element-4a38e80\" data-id=\"4a38e80\" data-element_type=\"column\">\n\t\t\t<div class=\"elementor-widget-wrap elementor-element-populated\">\n\t\t\t\t\t\t<section class=\"elementor-section elementor-inner-section elementor-element elementor-element-11537c2 elementor-section-boxed elementor-section-height-default elementor-section-height-default\" data-id=\"11537c2\" data-element_type=\"section\">\n\t\t\t\t\t\t<div class=\"elementor-container elementor-column-gap-no\">\n\t\t\t\t\t<div class=\"elementor-column elementor-col-50 elementor-inner-column elementor-element elementor-element-cf0db12\" data-id=\"cf0db12\" data-element_type=\"column\">\n\t\t\t<div class=\"elementor-widget-wrap elementor-element-populated\">\n\t\t\t\t\t\t<div class=\"elementor-element elementor-element-6785ca4 elementor-widget elementor-widget-shortcode\" data-id=\"6785ca4\" data-element_type=\"widget\" data-widget_type=\"shortcode.default\">\n\t\t\t\t<div class=\"elementor-widget-container\">\n\t\t\t\t\t<div class=\"elementor-shortcode\"><div class=\"strong-view strong-form strong-view-id-2 default-form wpmtst-default-form\" data-state=idle><div class=\"strong-form-wait\" data-formid=\"1\"><div class=\"message\"><img decoding=\"async\" src=\"https:\/\/visiteprados.com.br\/radiscan\/wp-content\/plugins\/strong-testimonials\/assets\/public\/svg\/spinner-solid.svg\" alt=\"Strong Testimonials form submission spinner.\"><\/div><\/div><div class=\"wpmtst-form wpmtst-form-id-1\"><div class=\"strong-form-inner\"><p class=\"required-notice\"><span class=\"required symbol\"><\/span>Obrigat\u00f3rio\t\t<\/p><form class=\"wpmtst-submission-form\" method=\"post\" enctype=\"multipart\/form-data\" autocomplete=\"off\" data-config=\"{&quot;scroll&quot;:{&quot;onError&quot;:true,&quot;onErrorOffset&quot;:80,&quot;onSuccess&quot;:true,&quot;onSuccessOffset&quot;:80},&quot;fields&quot;:[{&quot;name&quot;:&quot;client_name&quot;,&quot;type&quot;:&quot;text&quot;,&quot;required&quot;:1},{&quot;name&quot;:&quot;email&quot;,&quot;type&quot;:&quot;email&quot;,&quot;required&quot;:1},{&quot;name&quot;:&quot;post_content&quot;,&quot;type&quot;:&quot;textarea&quot;,&quot;required&quot;:1},{&quot;name&quot;:&quot;featured_image&quot;,&quot;type&quot;:&quot;file&quot;,&quot;required&quot;:0}]}\" data-formid = \"1\"><div style=\"display: none;\"><input type=\"hidden\" id=\"wpmtst_form_nonce\" name=\"wpmtst_form_nonce\" value=\"34a4eb64cd\" \/><input type=\"hidden\" name=\"_wp_http_referer\" value=\"\/radiscan\/wp-json\/wp\/v2\/pages\/157\" \/><input type=\"hidden\" name=\"action\" value=\"wpmtst_form\"><input type=\"hidden\" name=\"form_id\" value=\"1\"><input type=\"hidden\" name=\"default_category\" value=\"\"><input type=\"hidden\" name=\"category\" value=\"\"><\/div><div class=\"form-field field-client_name\"><label for=\"wpmtst_client_name\" class=\"field-client_name\">Nome Completo<\/label><span class=\"required symbol\"><\/span><input id=\"wpmtst_client_name\" type=\"text\" class=\"text\" name=\"client_name\"  value=\"\" placeholder=\"\"   required tabindex=\"0\"><span class=\"after\">Qual \u00e9 o seu nome completo?<\/span><\/div><div class=\"form-field field-email\"><label for=\"wpmtst_email\" class=\"field-email\">Email<\/label><span class=\"required symbol\"><\/span><input id=\"wpmtst_email\" type=\"email\" class=\"text email\" name=\"email\"  value=\"\" placeholder=\"\"   required tabindex=\"0\"><span class=\"after\">Qual \u00e9 o seu endere\u00e7o de Email?<\/span><\/div><div class=\"form-field field-post_content\"><label for=\"wpmtst_post_content\" class=\"field-post_content\">Depoimento<\/label><span class=\"required symbol\"><\/span><textarea id=\"wpmtst_post_content\" name=\"post_content\" class=\"textarea\"  required placeholder=\"\"  tabindex=\"0\"><\/textarea><span class=\"after\">O que voc\u00ea pensa sobre n\u00f3s?<\/span><\/div><div class=\"form-field field-featured_image\"><label for=\"wpmtst_featured_image\" class=\"field-featured_image\">Foto<\/label><div class=\"field-wrap\"><input id=\"wpmtst_featured_image\" type=\"file\" name=\"featured_image\" tabindex=\"0\"><\/div><span class=\"after\">Voc\u00ea gostaria de incluir uma foto?<\/span><\/div><div class=\"form-field wpmtst-submit\"><label><input type=\"submit\" class=\"wpmtst_submit_testimonial\" name=\"wpmtst_submit_testimonial\" value=\"Enviar Depoimento\" class=\"button\" tabindex=\"0\"><\/label><\/div><\/form><\/div><\/div><\/div><\/div>\n\t\t\t\t<\/div>\n\t\t\t\t<\/div>\n\t\t\t\t\t<\/div>\n\t\t<\/div>\n\t\t\t\t<div class=\"elementor-column elementor-col-50 elementor-inner-column elementor-element elementor-element-72979bc\" data-id=\"72979bc\" data-element_type=\"column\">\n\t\t\t<div class=\"elementor-widget-wrap elementor-element-populated\">\n\t\t\t\t\t\t<div class=\"elementor-element elementor-element-3e8d8de elementor-widget elementor-widget-shortcode\" data-id=\"3e8d8de\" data-element_type=\"widget\" data-widget_type=\"shortcode.default\">\n\t\t\t\t<div class=\"elementor-widget-container\">\n\t\t\t\t\t<div class=\"elementor-shortcode\"><div class=\"strong-view strong-view-id-3 modern wpmtst-modern slider-container slider-mode-fade slider-adaptive controls-type-sides controls-style-buttons\" data-count=3 data-slider-var=strong_slider_id_3 data-state=idle><div class=\"strong-content wpmslider-content\"><div class=\"wpmtst-testimonial testimonial t-slide post-30\"><div class=\"wpmtst-testimonial-inner testimonial-inner\"><div data-infinite-loop=\"true\"  class=\"wpmtst-testimonial-content  testimonial-content\"><p>A Radiscan me surpreendeu pela qualidade do atendimento e pela tecnologia de ponta. A equipe foi extremamente atenciosa e profissional, garantindo que meus exames fossem r\u00e1pidos e precisos. Recomendo a todos!<\/p><\/div><div class=\"wpmtst-testimonial-image testimonial-image\"><img alt='' src='https:\/\/secure.gravatar.com\/avatar\/1a925bfd4ae47e1d8b0ed1177e2852b5a0b6cc574a657636778146e7323a5a5e?s=75&#038;d=mm&#038;r=g' srcset='https:\/\/secure.gravatar.com\/avatar\/1a925bfd4ae47e1d8b0ed1177e2852b5a0b6cc574a657636778146e7323a5a5e?s=150&#038;d=mm&#038;r=g 2x' class='avatar avatar-75 photo' height='75' width='75' \/><\/div><div class=\"wpmtst-testimonial-field testimonial-field testimonial-name\">Ana Oliveira<\/div><div class=\"clear\"><\/div><\/div><\/div><div class=\"wpmtst-testimonial testimonial t-slide post-31\"><div class=\"wpmtst-testimonial-inner testimonial-inner\"><div data-infinite-loop=\"true\"  class=\"wpmtst-testimonial-content  testimonial-content\"><p>Sempre que preciso de exames odontol\u00f3gicos, escolho a Radiscan. A precis\u00e3o dos resultados e o cuidado com cada detalhe fazem toda a diferen\u00e7a. A confian\u00e7a que tenho neles \u00e9 incompar\u00e1vel.<\/p><\/div><div class=\"wpmtst-testimonial-image testimonial-image\"><img alt='' src='https:\/\/secure.gravatar.com\/avatar\/50fbee199b5d1e42c2968c5c11a46cb632ad0ce1dd981ca7787b40aa281b2002?s=75&#038;d=mm&#038;r=g' srcset='https:\/\/secure.gravatar.com\/avatar\/50fbee199b5d1e42c2968c5c11a46cb632ad0ce1dd981ca7787b40aa281b2002?s=150&#038;d=mm&#038;r=g 2x' class='avatar avatar-75 photo' height='75' width='75' \/><\/div><div class=\"wpmtst-testimonial-field testimonial-field testimonial-name\">Jo\u00e3o Silva<\/div><div class=\"clear\"><\/div><\/div><\/div><div class=\"wpmtst-testimonial testimonial t-slide post-32\"><div class=\"wpmtst-testimonial-inner testimonial-inner\"><div data-infinite-loop=\"true\"  class=\"wpmtst-testimonial-content  testimonial-content\"><p>A Radiscan \u00e9 minha escolha n\u00famero um para exames de radiologia odontol\u00f3gica. O ambiente \u00e9 acolhedor, e a equipe est\u00e1 sempre pronta para esclarecer qualquer d\u00favida. Excelente servi\u00e7o!<\/p><\/div><div class=\"wpmtst-testimonial-image testimonial-image\"><img alt='' src='https:\/\/secure.gravatar.com\/avatar\/2c5342a41d811508874364cdaea600cc73dfef8401bf5a7fddb17f5146554d75?s=75&#038;d=mm&#038;r=g' srcset='https:\/\/secure.gravatar.com\/avatar\/2c5342a41d811508874364cdaea600cc73dfef8401bf5a7fddb17f5146554d75?s=150&#038;d=mm&#038;r=g 2x' class='avatar avatar-75 photo' height='75' width='75' \/><\/div><div class=\"wpmtst-testimonial-field testimonial-field testimonial-name\">Maria Souza<\/div><div class=\"clear\"><\/div><\/div><\/div><\/div><\/div><\/div>\n\t\t\t\t<\/div>\n\t\t\t\t<\/div>\n\t\t\t\t\t<\/div>\n\t\t<\/div>\n\t\t\t\t\t<\/div>\n\t\t<\/section>\n\t\t\t\t\t<\/div>\n\t\t<\/div>\n\t\t\t\t\t<\/div>\n\t\t<\/section>\n\t\t\t\t<\/div>\n\t\t","protected":false},"excerpt":{"rendered":"","protected":false},"author":1,"featured_media":0,"parent":0,"menu_order":0,"comment_status":"closed","ping_status":"closed","template":"","meta":{"footnotes":""},"class_list":["post-157","page","type-page","status-publish","hentry"],"_links":{"self":[{"href":"https:\/\/visiteprados.com.br\/radiscan\/wp-json\/wp\/v2\/pages\/157","targetHints":{"allow":["GET"]}}],"collection":[{"href":"https:\/\/visiteprados.com.br\/radiscan\/wp-json\/wp\/v2\/pages"}],"about":[{"href":"https:\/\/visiteprados.com.br\/radiscan\/wp-json\/wp\/v2\/types\/page"}],"author":[{"embeddable":true,"href":"https:\/\/visiteprados.com.br\/radiscan\/wp-json\/wp\/v2\/users\/1"}],"replies":[{"embeddable":true,"href":"https:\/\/visiteprados.com.br\/radiscan\/wp-json\/wp\/v2\/comments?post=157"}],"version-history":[{"count":0,"href":"https:\/\/visiteprados.com.br\/radiscan\/wp-json\/wp\/v2\/pages\/157\/revisions"}],"wp:attachment":[{"href":"https:\/\/visiteprados.com.br\/radiscan\/wp-json\/wp\/v2\/media?parent=157"}],"curies":[{"name":"wp","href":"https:\/\/api.w.org\/{rel}","templated":true}]}}