{"id":12,"date":"2024-08-26T14:35:37","date_gmt":"2024-08-26T17:35:37","guid":{"rendered":"https:\/\/visiteprados.com.br\/radiscan\/?page_id=12"},"modified":"2026-03-09T11:40:58","modified_gmt":"2026-03-09T14:40:58","slug":"servicos","status":"publish","type":"page","link":"https:\/\/visiteprados.com.br\/radiscan\/servicos\/","title":{"rendered":"Servi\u00e7os"},"content":{"rendered":"\t\t<div data-elementor-type=\"wp-page\" data-elementor-id=\"12\" class=\"elementor elementor-12\">\n\t\t\t\t\t\t<section class=\"elementor-section elementor-top-section elementor-element elementor-element-c80b606 elementor-section-boxed elementor-section-height-default elementor-section-height-default\" data-id=\"c80b606\" data-element_type=\"section\">\n\t\t\t\t\t\t<div class=\"elementor-container elementor-column-gap-no\">\n\t\t\t\t\t<div class=\"elementor-column elementor-col-50 elementor-top-column elementor-element elementor-element-f9dcd9c\" data-id=\"f9dcd9c\" data-element_type=\"column\">\n\t\t\t<div class=\"elementor-widget-wrap elementor-element-populated\">\n\t\t\t\t\t\t<div class=\"elementor-element elementor-element-e1be15b elementor-invisible elementor-widget elementor-widget-image\" data-id=\"e1be15b\" data-element_type=\"widget\" data-settings=\"{&quot;_animation&quot;:&quot;bounce&quot;}\" data-widget_type=\"image.default\">\n\t\t\t\t<div class=\"elementor-widget-container\">\n\t\t\t\t\t\t\t\t\t\t\t\t\t<img fetchpriority=\"high\" decoding=\"async\" width=\"768\" height=\"525\" src=\"https:\/\/visiteprados.com.br\/radiscan\/wp-content\/uploads\/2024\/09\/Servicos-1.jpg\" class=\"attachment-large size-large wp-image-101\" alt=\"\" srcset=\"https:\/\/visiteprados.com.br\/radiscan\/wp-content\/uploads\/2024\/09\/Servicos-1.jpg 768w, https:\/\/visiteprados.com.br\/radiscan\/wp-content\/uploads\/2024\/09\/Servicos-1-300x205.jpg 300w\" sizes=\"(max-width: 768px) 100vw, 768px\" \/>\t\t\t\t\t\t\t\t\t\t\t\t\t<\/div>\n\t\t\t\t<\/div>\n\t\t\t\t\t<\/div>\n\t\t<\/div>\n\t\t\t\t<div class=\"elementor-column elementor-col-50 elementor-top-column elementor-element elementor-element-3193f5a\" data-id=\"3193f5a\" data-element_type=\"column\">\n\t\t\t<div class=\"elementor-widget-wrap elementor-element-populated\">\n\t\t\t\t\t\t<div class=\"elementor-element elementor-element-d028c07 elementor-invisible elementor-widget elementor-widget-image\" data-id=\"d028c07\" data-element_type=\"widget\" data-settings=\"{&quot;_animation&quot;:&quot;bounce&quot;,&quot;_animation_delay&quot;:200}\" data-widget_type=\"image.default\">\n\t\t\t\t<div class=\"elementor-widget-container\">\n\t\t\t\t\t\t\t\t\t\t\t\t\t<img decoding=\"async\" width=\"768\" height=\"525\" src=\"https:\/\/visiteprados.com.br\/radiscan\/wp-content\/uploads\/2024\/09\/Servicos-3.jpg\" class=\"attachment-large size-large wp-image-103\" alt=\"\" srcset=\"https:\/\/visiteprados.com.br\/radiscan\/wp-content\/uploads\/2024\/09\/Servicos-3.jpg 768w, https:\/\/visiteprados.com.br\/radiscan\/wp-content\/uploads\/2024\/09\/Servicos-3-300x205.jpg 300w\" sizes=\"(max-width: 768px) 100vw, 768px\" \/>\t\t\t\t\t\t\t\t\t\t\t\t\t<\/div>\n\t\t\t\t<\/div>\n\t\t\t\t\t<\/div>\n\t\t<\/div>\n\t\t\t\t\t<\/div>\n\t\t<\/section>\n\t\t\t\t<section class=\"elementor-section elementor-top-section elementor-element elementor-element-da3b620 elementor-section-boxed elementor-section-height-default elementor-section-height-default\" data-id=\"da3b620\" data-element_type=\"section\">\n\t\t\t\t\t\t<div class=\"elementor-container elementor-column-gap-no\">\n\t\t\t\t\t<div class=\"elementor-column elementor-col-100 elementor-top-column elementor-element elementor-element-aab7c2d\" data-id=\"aab7c2d\" data-element_type=\"column\">\n\t\t\t<div class=\"elementor-widget-wrap elementor-element-populated\">\n\t\t\t\t\t\t<div class=\"elementor-element elementor-element-91cecb6 elementor-widget elementor-widget-spacer\" data-id=\"91cecb6\" data-element_type=\"widget\" data-widget_type=\"spacer.default\">\n\t\t\t\t<div class=\"elementor-widget-container\">\n\t\t\t\t\t<div class=\"elementor-spacer\">\n\t\t\t<div class=\"elementor-spacer-inner\"><\/div>\n\t\t<\/div>\n\t\t\t\t<\/div>\n\t\t\t\t<\/div>\n\t\t\t\t\t<\/div>\n\t\t<\/div>\n\t\t\t\t\t<\/div>\n\t\t<\/section>\n\t\t\t\t<section class=\"elementor-section elementor-top-section elementor-element elementor-element-052801d elementor-section-boxed elementor-section-height-default elementor-section-height-default\" data-id=\"052801d\" data-element_type=\"section\">\n\t\t\t\t\t\t<div class=\"elementor-container elementor-column-gap-no\">\n\t\t\t\t\t<div class=\"elementor-column elementor-col-25 elementor-top-column elementor-element elementor-element-47fd939\" data-id=\"47fd939\" data-element_type=\"column\">\n\t\t\t<div class=\"elementor-widget-wrap elementor-element-populated\">\n\t\t\t\t\t\t<div class=\"elementor-element elementor-element-826d9e8 elementor-invisible elementor-widget elementor-widget-image\" data-id=\"826d9e8\" data-element_type=\"widget\" data-settings=\"{&quot;_animation&quot;:&quot;bounce&quot;}\" data-widget_type=\"image.default\">\n\t\t\t\t<div class=\"elementor-widget-container\">\n\t\t\t\t\t\t\t\t\t\t\t\t\t<img decoding=\"async\" width=\"769\" height=\"930\" src=\"https:\/\/visiteprados.com.br\/radiscan\/wp-content\/uploads\/2026\/03\/servico-1-1.jpg\" class=\"attachment-large size-large wp-image-186\" alt=\"\" srcset=\"https:\/\/visiteprados.com.br\/radiscan\/wp-content\/uploads\/2026\/03\/servico-1-1.jpg 769w, https:\/\/visiteprados.com.br\/radiscan\/wp-content\/uploads\/2026\/03\/servico-1-1-248x300.jpg 248w\" sizes=\"(max-width: 769px) 100vw, 769px\" \/>\t\t\t\t\t\t\t\t\t\t\t\t\t<\/div>\n\t\t\t\t<\/div>\n\t\t\t\t\t<\/div>\n\t\t<\/div>\n\t\t\t\t<div class=\"elementor-column elementor-col-25 elementor-top-column elementor-element elementor-element-eab401f\" data-id=\"eab401f\" data-element_type=\"column\">\n\t\t\t<div class=\"elementor-widget-wrap elementor-element-populated\">\n\t\t\t\t\t\t<div class=\"elementor-element elementor-element-0dd6062 elementor-invisible elementor-widget elementor-widget-image\" data-id=\"0dd6062\" data-element_type=\"widget\" data-settings=\"{&quot;_animation&quot;:&quot;bounce&quot;}\" data-widget_type=\"image.default\">\n\t\t\t\t<div class=\"elementor-widget-container\">\n\t\t\t\t\t\t\t\t\t\t\t\t\t<img loading=\"lazy\" decoding=\"async\" width=\"769\" height=\"930\" src=\"https:\/\/visiteprados.com.br\/radiscan\/wp-content\/uploads\/2026\/03\/servico-2-1.jpg\" class=\"attachment-large size-large wp-image-187\" alt=\"\" srcset=\"https:\/\/visiteprados.com.br\/radiscan\/wp-content\/uploads\/2026\/03\/servico-2-1.jpg 769w, https:\/\/visiteprados.com.br\/radiscan\/wp-content\/uploads\/2026\/03\/servico-2-1-248x300.jpg 248w\" sizes=\"(max-width: 769px) 100vw, 769px\" \/>\t\t\t\t\t\t\t\t\t\t\t\t\t<\/div>\n\t\t\t\t<\/div>\n\t\t\t\t\t<\/div>\n\t\t<\/div>\n\t\t\t\t<div class=\"elementor-column elementor-col-25 elementor-top-column elementor-element elementor-element-6bab4b7\" data-id=\"6bab4b7\" data-element_type=\"column\">\n\t\t\t<div class=\"elementor-widget-wrap elementor-element-populated\">\n\t\t\t\t\t\t<div class=\"elementor-element elementor-element-e90587b elementor-invisible elementor-widget elementor-widget-image\" data-id=\"e90587b\" data-element_type=\"widget\" data-settings=\"{&quot;_animation&quot;:&quot;bounce&quot;}\" data-widget_type=\"image.default\">\n\t\t\t\t<div class=\"elementor-widget-container\">\n\t\t\t\t\t\t\t\t\t\t\t\t\t<img loading=\"lazy\" decoding=\"async\" width=\"769\" height=\"930\" src=\"https:\/\/visiteprados.com.br\/radiscan\/wp-content\/uploads\/2026\/03\/servico-2.jpg\" class=\"attachment-large size-large wp-image-183\" alt=\"\" srcset=\"https:\/\/visiteprados.com.br\/radiscan\/wp-content\/uploads\/2026\/03\/servico-2.jpg 769w, https:\/\/visiteprados.com.br\/radiscan\/wp-content\/uploads\/2026\/03\/servico-2-248x300.jpg 248w\" sizes=\"(max-width: 769px) 100vw, 769px\" \/>\t\t\t\t\t\t\t\t\t\t\t\t\t<\/div>\n\t\t\t\t<\/div>\n\t\t\t\t\t<\/div>\n\t\t<\/div>\n\t\t\t\t<div class=\"elementor-column elementor-col-25 elementor-top-column elementor-element elementor-element-b0c72b1\" data-id=\"b0c72b1\" data-element_type=\"column\">\n\t\t\t<div class=\"elementor-widget-wrap elementor-element-populated\">\n\t\t\t\t\t\t<div class=\"elementor-element elementor-element-30bbea0 elementor-invisible elementor-widget elementor-widget-image\" data-id=\"30bbea0\" data-element_type=\"widget\" data-settings=\"{&quot;_animation&quot;:&quot;bounce&quot;,&quot;_animation_delay&quot;:200}\" data-widget_type=\"image.default\">\n\t\t\t\t<div class=\"elementor-widget-container\">\n\t\t\t\t\t\t\t\t\t\t\t\t\t<img loading=\"lazy\" decoding=\"async\" width=\"769\" height=\"930\" src=\"https:\/\/visiteprados.com.br\/radiscan\/wp-content\/uploads\/2026\/03\/servico-1.jpg\" class=\"attachment-large size-large wp-image-181\" alt=\"\" srcset=\"https:\/\/visiteprados.com.br\/radiscan\/wp-content\/uploads\/2026\/03\/servico-1.jpg 769w, https:\/\/visiteprados.com.br\/radiscan\/wp-content\/uploads\/2026\/03\/servico-1-248x300.jpg 248w\" sizes=\"(max-width: 769px) 100vw, 769px\" \/>\t\t\t\t\t\t\t\t\t\t\t\t\t<\/div>\n\t\t\t\t<\/div>\n\t\t\t\t\t<\/div>\n\t\t<\/div>\n\t\t\t\t\t<\/div>\n\t\t<\/section>\n\t\t\t\t<section class=\"elementor-section elementor-top-section elementor-element elementor-element-2a92e27 elementor-section-boxed elementor-section-height-default elementor-section-height-default\" data-id=\"2a92e27\" data-element_type=\"section\">\n\t\t\t\t\t\t<div class=\"elementor-container elementor-column-gap-no\">\n\t\t\t\t\t<div class=\"elementor-column elementor-col-100 elementor-top-column elementor-element elementor-element-a7a6346\" data-id=\"a7a6346\" data-element_type=\"column\">\n\t\t\t<div class=\"elementor-widget-wrap elementor-element-populated\">\n\t\t\t\t\t\t<div class=\"elementor-element elementor-element-cacfe3e elementor-widget elementor-widget-spacer\" data-id=\"cacfe3e\" data-element_type=\"widget\" data-widget_type=\"spacer.default\">\n\t\t\t\t<div class=\"elementor-widget-container\">\n\t\t\t\t\t<div class=\"elementor-spacer\">\n\t\t\t<div class=\"elementor-spacer-inner\"><\/div>\n\t\t<\/div>\n\t\t\t\t<\/div>\n\t\t\t\t<\/div>\n\t\t\t\t<div class=\"elementor-element elementor-element-0e533bb elementor-widget elementor-widget-text-editor\" data-id=\"0e533bb\" data-element_type=\"widget\" data-widget_type=\"text-editor.default\">\n\t\t\t\t<div class=\"elementor-widget-container\">\n\t\t\t\t\t\t\t<p>Para melhor experi\u00eancia de nossos clientes, a Radiscan oferece um conjunto completo de servi\u00e7os de diagn\u00f3stico por imagem, incluindo radiografias digitais, escaneamento facial e intraoral, fotografias e tomografias de alta resolu\u00e7\u00e3o. Utilizamos equipamentos de \u00faltima gera\u00e7\u00e3o para assegurar precis\u00e3o nos diagn\u00f3sticos, fundamentais para o planejamento de tratamentos odontol\u00f3gicos detalhados e eficazes. Nosso compromisso \u00e9 fornecer imagens e laudos de qualidade que contribuam diretamente para o sucesso cl\u00ednico e bem-estar dos pacientes, sempre em parceria com profissionais da \u00e1rea odontol\u00f3gica<\/p>\t\t\t\t\t\t<\/div>\n\t\t\t\t<\/div>\n\t\t\t\t<div class=\"elementor-element elementor-element-95c37d9 elementor-widget elementor-widget-spacer\" data-id=\"95c37d9\" data-element_type=\"widget\" data-widget_type=\"spacer.default\">\n\t\t\t\t<div class=\"elementor-widget-container\">\n\t\t\t\t\t<div class=\"elementor-spacer\">\n\t\t\t<div class=\"elementor-spacer-inner\"><\/div>\n\t\t<\/div>\n\t\t\t\t<\/div>\n\t\t\t\t<\/div>\n\t\t\t\t\t<\/div>\n\t\t<\/div>\n\t\t\t\t\t<\/div>\n\t\t<\/section>\n\t\t\t\t<section class=\"elementor-section elementor-top-section elementor-element elementor-element-5efb9bf elementor-section-boxed elementor-section-height-default elementor-section-height-default\" data-id=\"5efb9bf\" data-element_type=\"section\">\n\t\t\t\t\t\t<div class=\"elementor-container elementor-column-gap-no\">\n\t\t\t\t\t<div class=\"elementor-column elementor-col-100 elementor-top-column elementor-element elementor-element-2e5590e\" data-id=\"2e5590e\" data-element_type=\"column\">\n\t\t\t<div class=\"elementor-widget-wrap elementor-element-populated\">\n\t\t\t\t\t\t<div class=\"elementor-element elementor-element-ae864ab elementor-widget elementor-widget-heading\" data-id=\"ae864ab\" data-element_type=\"widget\" data-widget_type=\"heading.default\">\n\t\t\t\t<div class=\"elementor-widget-container\">\n\t\t\t<h3 class=\"elementor-heading-title elementor-size-default\">TOMOGRAFIA COMPUTADORIZADA DE ALTA RESOLU\u00c7\u00c3O por feixe Cone Bean - MORITA X800<\/h3>\t\t<\/div>\n\t\t\t\t<\/div>\n\t\t\t\t<div class=\"elementor-element elementor-element-a7c9bc6 elementor-widget elementor-widget-html\" data-id=\"a7c9bc6\" data-element_type=\"widget\" data-widget_type=\"html.default\">\n\t\t\t\t<div class=\"elementor-widget-container\">\n\t\t\t\r\n\r\n\r\n\r\n\r\n \r\n\r\n\r\n\r\n\r\n<ul class=\"servicos\">\r\n    <li>ATM\u00b4s<\/li>\r\n    <li>MAXILA TOTAL<\/li>\r\n    <li>MAND\u00cdBULA TOTAL<\/li>\r\n    <li>FACE - SEIOS DA FACE<\/li>\r\n    <li>VIAS A\u00c9REAS<\/li>\r\n    <li>REGI\u00d5ES: Implantodontia, Periodontia, Cirurgia, Endodontia e Estomatologia<\/li>\r\n    <li>LAUDOS E DICOM<\/li>\r\n<\/ul>\t\t<\/div>\n\t\t\t\t<\/div>\n\t\t\t\t<div class=\"elementor-element elementor-element-448ea5a elementor-widget elementor-widget-spacer\" data-id=\"448ea5a\" data-element_type=\"widget\" data-widget_type=\"spacer.default\">\n\t\t\t\t<div class=\"elementor-widget-container\">\n\t\t\t\t\t<div class=\"elementor-spacer\">\n\t\t\t<div class=\"elementor-spacer-inner\"><\/div>\n\t\t<\/div>\n\t\t\t\t<\/div>\n\t\t\t\t<\/div>\n\t\t\t\t<div class=\"elementor-element elementor-element-1d8a610 elementor-widget elementor-widget-heading\" data-id=\"1d8a610\" data-element_type=\"widget\" data-widget_type=\"heading.default\">\n\t\t\t\t<div class=\"elementor-widget-container\">\n\t\t\t<h3 class=\"elementor-heading-title elementor-size-default\">FLUXO DIGITAL<\/h3>\t\t<\/div>\n\t\t\t\t<\/div>\n\t\t\t\t<div class=\"elementor-element elementor-element-3807cfd elementor-widget elementor-widget-spacer\" data-id=\"3807cfd\" data-element_type=\"widget\" data-widget_type=\"spacer.default\">\n\t\t\t\t<div class=\"elementor-widget-container\">\n\t\t\t\t\t<div class=\"elementor-spacer\">\n\t\t\t<div class=\"elementor-spacer-inner\"><\/div>\n\t\t<\/div>\n\t\t\t\t<\/div>\n\t\t\t\t<\/div>\n\t\t\t\t<div class=\"elementor-element elementor-element-284e001 elementor-widget elementor-widget-heading\" data-id=\"284e001\" data-element_type=\"widget\" data-widget_type=\"heading.default\">\n\t\t\t\t<div class=\"elementor-widget-container\">\n\t\t\t<h3 class=\"elementor-heading-title elementor-size-default\">IMPRESS\u00c3O DE MODELO 3D - em filamento e em resina<\/h3>\t\t<\/div>\n\t\t\t\t<\/div>\n\t\t\t\t<div class=\"elementor-element elementor-element-979ab13 elementor-widget elementor-widget-spacer\" data-id=\"979ab13\" data-element_type=\"widget\" data-widget_type=\"spacer.default\">\n\t\t\t\t<div class=\"elementor-widget-container\">\n\t\t\t\t\t<div class=\"elementor-spacer\">\n\t\t\t<div class=\"elementor-spacer-inner\"><\/div>\n\t\t<\/div>\n\t\t\t\t<\/div>\n\t\t\t\t<\/div>\n\t\t\t\t<div class=\"elementor-element elementor-element-58ceeb0 elementor-widget elementor-widget-heading\" data-id=\"58ceeb0\" data-element_type=\"widget\" data-widget_type=\"heading.default\">\n\t\t\t\t<div class=\"elementor-widget-container\">\n\t\t\t<h3 class=\"elementor-heading-title elementor-size-default\">ENCERAMENTO DIAGN\u00d3STICO<\/h3>\t\t<\/div>\n\t\t\t\t<\/div>\n\t\t\t\t<div class=\"elementor-element elementor-element-d951121 elementor-widget elementor-widget-spacer\" data-id=\"d951121\" data-element_type=\"widget\" data-widget_type=\"spacer.default\">\n\t\t\t\t<div class=\"elementor-widget-container\">\n\t\t\t\t\t<div class=\"elementor-spacer\">\n\t\t\t<div class=\"elementor-spacer-inner\"><\/div>\n\t\t<\/div>\n\t\t\t\t<\/div>\n\t\t\t\t<\/div>\n\t\t\t\t<div class=\"elementor-element elementor-element-507fe2b elementor-widget elementor-widget-heading\" data-id=\"507fe2b\" data-element_type=\"widget\" data-widget_type=\"heading.default\">\n\t\t\t\t<div class=\"elementor-widget-container\">\n\t\t\t<h3 class=\"elementor-heading-title elementor-size-default\">PLACA DE BRUXISMO<\/h3>\t\t<\/div>\n\t\t\t\t<\/div>\n\t\t\t\t<div class=\"elementor-element elementor-element-4cdb47e elementor-widget elementor-widget-spacer\" data-id=\"4cdb47e\" data-element_type=\"widget\" data-widget_type=\"spacer.default\">\n\t\t\t\t<div class=\"elementor-widget-container\">\n\t\t\t\t\t<div class=\"elementor-spacer\">\n\t\t\t<div class=\"elementor-spacer-inner\"><\/div>\n\t\t<\/div>\n\t\t\t\t<\/div>\n\t\t\t\t<\/div>\n\t\t\t\t<div class=\"elementor-element elementor-element-65d411f elementor-widget elementor-widget-heading\" data-id=\"65d411f\" data-element_type=\"widget\" data-widget_type=\"heading.default\">\n\t\t\t\t<div class=\"elementor-widget-container\">\n\t\t\t<h3 class=\"elementor-heading-title elementor-size-default\">PLANEJAMENTO DIGITAL E GUIA CIR\u00daRGICO para:<\/h3>\t\t<\/div>\n\t\t\t\t<\/div>\n\t\t\t\t<div class=\"elementor-element elementor-element-570a7af elementor-widget elementor-widget-html\" data-id=\"570a7af\" data-element_type=\"widget\" data-widget_type=\"html.default\">\n\t\t\t\t<div class=\"elementor-widget-container\">\n\t\t\t<ul class=\"servicos\">\r\n    <li>Implantodontia<\/li>\r\n    <li>Periodontia<\/li>\r\n    <li>Endodontia<\/li>\r\n    <li>Cirurgia Bucomaxilofacial<\/li>\r\n    <li>Biovolume<\/li>\r\n<\/ul>\t\t<\/div>\n\t\t\t\t<\/div>\n\t\t\t\t<div class=\"elementor-element elementor-element-d7a95e3 elementor-widget elementor-widget-spacer\" data-id=\"d7a95e3\" data-element_type=\"widget\" data-widget_type=\"spacer.default\">\n\t\t\t\t<div class=\"elementor-widget-container\">\n\t\t\t\t\t<div class=\"elementor-spacer\">\n\t\t\t<div class=\"elementor-spacer-inner\"><\/div>\n\t\t<\/div>\n\t\t\t\t<\/div>\n\t\t\t\t<\/div>\n\t\t\t\t\t<\/div>\n\t\t<\/div>\n\t\t\t\t\t<\/div>\n\t\t<\/section>\n\t\t\t\t<section class=\"elementor-section elementor-top-section elementor-element elementor-element-784a76d elementor-section-boxed elementor-section-height-default elementor-section-height-default\" data-id=\"784a76d\" data-element_type=\"section\">\n\t\t\t\t\t\t<div class=\"elementor-container elementor-column-gap-default\">\n\t\t\t\t\t<div class=\"elementor-column elementor-col-100 elementor-top-column elementor-element elementor-element-498ff76\" data-id=\"498ff76\" data-element_type=\"column\">\n\t\t\t<div class=\"elementor-widget-wrap elementor-element-populated\">\n\t\t\t\t\t\t<div class=\"elementor-element elementor-element-e7ae01a elementor-align-center elementor-widget elementor-widget-button\" data-id=\"e7ae01a\" data-element_type=\"widget\" data-widget_type=\"button.default\">\n\t\t\t\t<div class=\"elementor-widget-container\">\n\t\t\t\t\t<div class=\"elementor-button-wrapper\">\n\t\t\t<a class=\"elementor-button elementor-button-link elementor-size-sm\" href=\"https:\/\/visiteprados.com.br\/radiscan\/agendamento\/\">\n\t\t\t\t\t\t<span class=\"elementor-button-content-wrapper\">\n\t\t\t\t\t\t\t\t\t<span class=\"elementor-button-text\">Clique para agendar<\/span>\n\t\t\t\t\t<\/span>\n\t\t\t\t\t<\/a>\n\t\t<\/div>\n\t\t\t\t<\/div>\n\t\t\t\t<\/div>\n\t\t\t\t\t<\/div>\n\t\t<\/div>\n\t\t\t\t\t<\/div>\n\t\t<\/section>\n\t\t\t\t<section class=\"elementor-section elementor-top-section elementor-element elementor-element-2229df4 elementor-section-full_width elementor-section-stretched elementor-section-height-default elementor-section-height-default elementor-invisible\" data-id=\"2229df4\" data-element_type=\"section\" data-settings=\"{&quot;stretch_section&quot;:&quot;section-stretched&quot;,&quot;background_background&quot;:&quot;classic&quot;,&quot;animation&quot;:&quot;bounceInUp&quot;}\">\n\t\t\t\t\t\t<div class=\"elementor-container elementor-column-gap-default\">\n\t\t\t\t\t<div class=\"elementor-column elementor-col-100 elementor-top-column elementor-element elementor-element-e3e54f6\" data-id=\"e3e54f6\" data-element_type=\"column\">\n\t\t\t<div class=\"elementor-widget-wrap elementor-element-populated\">\n\t\t\t\t\t\t<div class=\"elementor-element elementor-element-e957197 elementor-widget elementor-widget-image\" data-id=\"e957197\" data-element_type=\"widget\" data-widget_type=\"image.default\">\n\t\t\t\t<div class=\"elementor-widget-container\">\n\t\t\t\t\t\t\t\t\t\t\t\t\t<img loading=\"lazy\" decoding=\"async\" width=\"300\" height=\"141\" src=\"https:\/\/visiteprados.com.br\/radiscan\/wp-content\/uploads\/2026\/03\/Logo_guiar-300x141.jpg\" class=\"attachment-medium size-medium wp-image-182\" alt=\"\" srcset=\"https:\/\/visiteprados.com.br\/radiscan\/wp-content\/uploads\/2026\/03\/Logo_guiar-300x141.jpg 300w, https:\/\/visiteprados.com.br\/radiscan\/wp-content\/uploads\/2026\/03\/Logo_guiar-1024x482.jpg 1024w, https:\/\/visiteprados.com.br\/radiscan\/wp-content\/uploads\/2026\/03\/Logo_guiar-768x361.jpg 768w, https:\/\/visiteprados.com.br\/radiscan\/wp-content\/uploads\/2026\/03\/Logo_guiar.jpg 1080w\" sizes=\"(max-width: 300px) 100vw, 300px\" \/>\t\t\t\t\t\t\t\t\t\t\t\t\t<\/div>\n\t\t\t\t<\/div>\n\t\t\t\t\t<\/div>\n\t\t<\/div>\n\t\t\t\t\t<\/div>\n\t\t<\/section>\n\t\t\t\t<\/div>\n\t\t","protected":false},"excerpt":{"rendered":"<p>Para melhor experi\u00eancia de nossos clientes, a Radiscan oferece um conjunto completo de servi\u00e7os de [&hellip;]<\/p>\n","protected":false},"author":1,"featured_media":0,"parent":0,"menu_order":0,"comment_status":"closed","ping_status":"closed","template":"","meta":{"footnotes":""},"class_list":["post-12","page","type-page","status-publish","hentry"],"_links":{"self":[{"href":"https:\/\/visiteprados.com.br\/radiscan\/wp-json\/wp\/v2\/pages\/12","targetHints":{"allow":["GET"]}}],"collection":[{"href":"https:\/\/visiteprados.com.br\/radiscan\/wp-json\/wp\/v2\/pages"}],"about":[{"href":"https:\/\/visiteprados.com.br\/radiscan\/wp-json\/wp\/v2\/types\/page"}],"author":[{"embeddable":true,"href":"https:\/\/visiteprados.com.br\/radiscan\/wp-json\/wp\/v2\/users\/1"}],"replies":[{"embeddable":true,"href":"https:\/\/visiteprados.com.br\/radiscan\/wp-json\/wp\/v2\/comments?post=12"}],"version-history":[{"count":0,"href":"https:\/\/visiteprados.com.br\/radiscan\/wp-json\/wp\/v2\/pages\/12\/revisions"}],"wp:attachment":[{"href":"https:\/\/visiteprados.com.br\/radiscan\/wp-json\/wp\/v2\/media?parent=12"}],"curies":[{"name":"wp","href":"https:\/\/api.w.org\/{rel}","templated":true}]}}