{"id":11,"date":"2024-08-26T14:35:31","date_gmt":"2024-08-26T17:35:31","guid":{"rendered":"https:\/\/visiteprados.com.br\/radiscan\/?page_id=11"},"modified":"2025-03-13T12:28:52","modified_gmt":"2025-03-13T15:28:52","slug":"sobre-nos","status":"publish","type":"page","link":"https:\/\/visiteprados.com.br\/radiscan\/sobre-nos\/","title":{"rendered":"Sobre n\u00f3s"},"content":{"rendered":"\t\t<div data-elementor-type=\"wp-page\" data-elementor-id=\"11\" class=\"elementor elementor-11\">\n\t\t\t\t\t\t<section class=\"elementor-section elementor-top-section elementor-element elementor-element-73cf613 elementor-section-boxed elementor-section-height-default elementor-section-height-default\" data-id=\"73cf613\" data-element_type=\"section\">\n\t\t\t\t\t\t<div class=\"elementor-container elementor-column-gap-no\">\n\t\t\t\t\t<div class=\"elementor-column elementor-col-50 elementor-top-column elementor-element elementor-element-4ba5ead\" data-id=\"4ba5ead\" data-element_type=\"column\">\n\t\t\t<div class=\"elementor-widget-wrap elementor-element-populated\">\n\t\t\t\t\t\t<div class=\"elementor-element elementor-element-eb97aa0 elementor-widget__width-initial elementor-invisible elementor-widget elementor-widget-image\" data-id=\"eb97aa0\" data-element_type=\"widget\" data-settings=\"{&quot;_animation&quot;:&quot;bounce&quot;}\" data-widget_type=\"image.default\">\n\t\t\t\t<div class=\"elementor-widget-container\">\n\t\t\t\t\t\t\t\t\t\t<figure class=\"wp-caption\">\n\t\t\t\t\t\t\t\t\t\t<img fetchpriority=\"high\" decoding=\"async\" width=\"682\" height=\"1024\" src=\"https:\/\/visiteprados.com.br\/radiscan\/wp-content\/uploads\/2025\/03\/WhatsApp-Image-2025-03-13-at-09.48.41-682x1024.jpeg\" class=\"attachment-large size-large wp-image-179\" alt=\"\" srcset=\"https:\/\/visiteprados.com.br\/radiscan\/wp-content\/uploads\/2025\/03\/WhatsApp-Image-2025-03-13-at-09.48.41-682x1024.jpeg 682w, https:\/\/visiteprados.com.br\/radiscan\/wp-content\/uploads\/2025\/03\/WhatsApp-Image-2025-03-13-at-09.48.41-200x300.jpeg 200w, https:\/\/visiteprados.com.br\/radiscan\/wp-content\/uploads\/2025\/03\/WhatsApp-Image-2025-03-13-at-09.48.41-768x1153.jpeg 768w, https:\/\/visiteprados.com.br\/radiscan\/wp-content\/uploads\/2025\/03\/WhatsApp-Image-2025-03-13-at-09.48.41-1023x1536.jpeg 1023w, https:\/\/visiteprados.com.br\/radiscan\/wp-content\/uploads\/2025\/03\/WhatsApp-Image-2025-03-13-at-09.48.41.jpeg 1066w\" sizes=\"(max-width: 682px) 100vw, 682px\" \/>\t\t\t\t\t\t\t\t\t\t\t<figcaption class=\"widget-image-caption wp-caption-text\">Adriana Andrade e Lidiane Gon\u00e7alves, societ\u00e1rias, durante o coquetel de inaugura\u00e7\u00e3o da nova sede da Radiscan - 2024<\/figcaption>\n\t\t\t\t\t\t\t\t\t\t<\/figure>\n\t\t\t\t\t\t\t<\/div>\n\t\t\t\t<\/div>\n\t\t\t\t\t<\/div>\n\t\t<\/div>\n\t\t\t\t<div class=\"elementor-column elementor-col-50 elementor-top-column elementor-element elementor-element-b163573\" data-id=\"b163573\" data-element_type=\"column\">\n\t\t\t<div class=\"elementor-widget-wrap elementor-element-populated\">\n\t\t\t\t\t\t<div class=\"elementor-element elementor-element-40b135a elementor-invisible elementor-widget elementor-widget-text-editor\" data-id=\"40b135a\" data-element_type=\"widget\" data-settings=\"{&quot;_animation&quot;:&quot;fadeInRight&quot;}\" data-widget_type=\"text-editor.default\">\n\t\t\t\t<div class=\"elementor-widget-container\">\n\t\t\t\t\t\t\t<p>Fundada em 2005 pela radiologista Dra. Adriana Andrade, a Radiscan surgiu por uma paix\u00e3o por radiodiagn\u00f3stico, com a miss\u00e3o de auxiliar diagn\u00f3stico cl\u00ednico odontol\u00f3gico em casos complexos de dor orofacial. Com o tempo crescemos e incorporamos as mais avan\u00e7adas tecnologias para atender com excel\u00eancia. Em 2024 expandimos para um novo espa\u00e7o de mais de 300m\u00b2, onde nossos clientes e colaboradores desfrutam de um ambiente moderno, confort\u00e1vel e totalmente preparado para os mais altos padr\u00f5es de atendimento e diagn\u00f3stico.<\/p>\t\t\t\t\t\t<\/div>\n\t\t\t\t<\/div>\n\t\t\t\t\t<\/div>\n\t\t<\/div>\n\t\t\t\t\t<\/div>\n\t\t<\/section>\n\t\t\t\t<section class=\"elementor-section elementor-top-section elementor-element elementor-element-387e9a93 elementor-section-boxed elementor-section-height-default elementor-section-height-default\" data-id=\"387e9a93\" data-element_type=\"section\">\n\t\t\t\t\t\t<div class=\"elementor-container elementor-column-gap-no\">\n\t\t\t\t\t<div class=\"elementor-column elementor-col-100 elementor-top-column elementor-element elementor-element-7f73819b\" data-id=\"7f73819b\" data-element_type=\"column\">\n\t\t\t<div class=\"elementor-widget-wrap elementor-element-populated\">\n\t\t\t\t\t\t<div class=\"elementor-element elementor-element-fa3da0a elementor-widget elementor-widget-spacer\" data-id=\"fa3da0a\" data-element_type=\"widget\" data-widget_type=\"spacer.default\">\n\t\t\t\t<div class=\"elementor-widget-container\">\n\t\t\t\t\t<div class=\"elementor-spacer\">\n\t\t\t<div class=\"elementor-spacer-inner\"><\/div>\n\t\t<\/div>\n\t\t\t\t<\/div>\n\t\t\t\t<\/div>\n\t\t\t\t<div class=\"elementor-element elementor-element-22da7853 elementor-invisible elementor-widget elementor-widget-text-editor\" data-id=\"22da7853\" data-element_type=\"widget\" data-settings=\"{&quot;_animation&quot;:&quot;fadeIn&quot;}\" data-widget_type=\"text-editor.default\">\n\t\t\t\t<div class=\"elementor-widget-container\">\n\t\t\t\t\t\t\t<p><strong>Nossa proposta<\/strong><\/p><p>A Radiscan \u00e9 especializada em radiografias digitais, fotografias, escaneamento facial e intra-oral e tomografias de alta resolu\u00e7\u00e3o. Mais do que oferecer diagn\u00f3sticos precisos, atuamos como parceiros de outros profissionais no cuidado com a sa\u00fade bucal, contribuindo para transformar sorrisos e elevar a auto-estima dos pacientes. Nosso objetivo \u00e9 sempre investir em tecnologia de ponta e oferecer as melhores condi\u00e7\u00f5es de trabalho aos nossos colaboradores, bem como um atendimento humanizado aos nossos pacientes, promovendo assim o desenvolvimento cont\u00ednuo da odontologia.<\/p>\t\t\t\t\t\t<\/div>\n\t\t\t\t<\/div>\n\t\t\t\t\t<\/div>\n\t\t<\/div>\n\t\t\t\t\t<\/div>\n\t\t<\/section>\n\t\t\t\t<section class=\"elementor-section elementor-top-section elementor-element elementor-element-2abf8ad elementor-section-boxed elementor-section-height-default elementor-section-height-default\" data-id=\"2abf8ad\" data-element_type=\"section\">\n\t\t\t\t\t\t<div class=\"elementor-container elementor-column-gap-no\">\n\t\t\t\t\t<div class=\"elementor-column elementor-col-33 elementor-top-column elementor-element elementor-element-27864a5 elementor-invisible\" data-id=\"27864a5\" data-element_type=\"column\" data-settings=\"{&quot;background_background&quot;:&quot;classic&quot;,&quot;animation&quot;:&quot;fadeIn&quot;}\">\n\t\t\t<div class=\"elementor-widget-wrap elementor-element-populated\">\n\t\t\t\t\t\t<div class=\"elementor-element elementor-element-ff372de elementor-widget elementor-widget-heading\" data-id=\"ff372de\" data-element_type=\"widget\" data-widget_type=\"heading.default\">\n\t\t\t\t<div class=\"elementor-widget-container\">\n\t\t\t<h3 class=\"elementor-heading-title elementor-size-default\">Miss\u00e3o<\/h3>\t\t<\/div>\n\t\t\t\t<\/div>\n\t\t\t\t<div class=\"elementor-element elementor-element-33c1e4d elementor-widget elementor-widget-spacer\" data-id=\"33c1e4d\" data-element_type=\"widget\" data-widget_type=\"spacer.default\">\n\t\t\t\t<div class=\"elementor-widget-container\">\n\t\t\t\t\t<div class=\"elementor-spacer\">\n\t\t\t<div class=\"elementor-spacer-inner\"><\/div>\n\t\t<\/div>\n\t\t\t\t<\/div>\n\t\t\t\t<\/div>\n\t\t\t\t<div class=\"elementor-element elementor-element-3d04b7c elementor-widget elementor-widget-text-editor\" data-id=\"3d04b7c\" data-element_type=\"widget\" data-widget_type=\"text-editor.default\">\n\t\t\t\t<div class=\"elementor-widget-container\">\n\t\t\t\t\t\t\t<p>Ser refer\u00eancia em termos de inova\u00e7\u00e3o, tecnologia e efici\u00eancia, assim como, manter o mais alto n\u00edvel de satisfa\u00e7\u00e3o dos nossos clientes, associados, usu\u00e1rios e colaboradores.<\/p>\t\t\t\t\t\t<\/div>\n\t\t\t\t<\/div>\n\t\t\t\t\t<\/div>\n\t\t<\/div>\n\t\t\t\t<div class=\"elementor-column elementor-col-33 elementor-top-column elementor-element elementor-element-d613ce0 elementor-invisible\" data-id=\"d613ce0\" data-element_type=\"column\" data-settings=\"{&quot;background_background&quot;:&quot;classic&quot;,&quot;animation&quot;:&quot;fadeIn&quot;,&quot;animation_delay&quot;:200}\">\n\t\t\t<div class=\"elementor-widget-wrap elementor-element-populated\">\n\t\t\t\t\t\t<div class=\"elementor-element elementor-element-10fb045 elementor-widget elementor-widget-heading\" data-id=\"10fb045\" data-element_type=\"widget\" data-widget_type=\"heading.default\">\n\t\t\t\t<div class=\"elementor-widget-container\">\n\t\t\t<h3 class=\"elementor-heading-title elementor-size-default\">Vis\u00e3o<\/h3>\t\t<\/div>\n\t\t\t\t<\/div>\n\t\t\t\t<div class=\"elementor-element elementor-element-2deb3e5 elementor-widget elementor-widget-spacer\" data-id=\"2deb3e5\" data-element_type=\"widget\" data-widget_type=\"spacer.default\">\n\t\t\t\t<div class=\"elementor-widget-container\">\n\t\t\t\t\t<div class=\"elementor-spacer\">\n\t\t\t<div class=\"elementor-spacer-inner\"><\/div>\n\t\t<\/div>\n\t\t\t\t<\/div>\n\t\t\t\t<\/div>\n\t\t\t\t<div class=\"elementor-element elementor-element-6e41c55 elementor-widget elementor-widget-text-editor\" data-id=\"6e41c55\" data-element_type=\"widget\" data-widget_type=\"text-editor.default\">\n\t\t\t\t<div class=\"elementor-widget-container\">\n\t\t\t\t\t\t\t<p>Expandir os nossos servi\u00e7os e trabalhar para que possamos oferecer cursos no intuito de auxiliar os profissionais da \u00e1rea que buscam aprimorar suas habilidades, levando conhecimento e experi\u00eancia de mercado.\u00a0<\/p>\t\t\t\t\t\t<\/div>\n\t\t\t\t<\/div>\n\t\t\t\t\t<\/div>\n\t\t<\/div>\n\t\t\t\t<div class=\"elementor-column elementor-col-33 elementor-top-column elementor-element elementor-element-c89ee68 elementor-invisible\" data-id=\"c89ee68\" data-element_type=\"column\" data-settings=\"{&quot;background_background&quot;:&quot;classic&quot;,&quot;animation&quot;:&quot;fadeIn&quot;,&quot;animation_delay&quot;:400}\">\n\t\t\t<div class=\"elementor-widget-wrap elementor-element-populated\">\n\t\t\t\t\t\t<div class=\"elementor-element elementor-element-1de76e6 elementor-widget elementor-widget-heading\" data-id=\"1de76e6\" data-element_type=\"widget\" data-widget_type=\"heading.default\">\n\t\t\t\t<div class=\"elementor-widget-container\">\n\t\t\t<h3 class=\"elementor-heading-title elementor-size-default\">Valores<\/h3>\t\t<\/div>\n\t\t\t\t<\/div>\n\t\t\t\t<div class=\"elementor-element elementor-element-c62149a elementor-widget elementor-widget-spacer\" data-id=\"c62149a\" data-element_type=\"widget\" data-widget_type=\"spacer.default\">\n\t\t\t\t<div class=\"elementor-widget-container\">\n\t\t\t\t\t<div class=\"elementor-spacer\">\n\t\t\t<div class=\"elementor-spacer-inner\"><\/div>\n\t\t<\/div>\n\t\t\t\t<\/div>\n\t\t\t\t<\/div>\n\t\t\t\t<div class=\"elementor-element elementor-element-ad8f20f elementor-widget elementor-widget-text-editor\" data-id=\"ad8f20f\" data-element_type=\"widget\" data-widget_type=\"text-editor.default\">\n\t\t\t\t<div class=\"elementor-widget-container\">\n\t\t\t\t\t\t\t<p>\u00c9tica, qualidade, colabora\u00e7\u00e3o e respeito. Esses s\u00e3o os nossos pilares internalizados para entender e atender nossos pacientes e construir um ambiente confi\u00e1vel.<\/p>\t\t\t\t\t\t<\/div>\n\t\t\t\t<\/div>\n\t\t\t\t\t<\/div>\n\t\t<\/div>\n\t\t\t\t\t<\/div>\n\t\t<\/section>\n\t\t\t\t<section class=\"elementor-section elementor-top-section elementor-element elementor-element-b3742e6 elementor-section-boxed elementor-section-height-default elementor-section-height-default\" data-id=\"b3742e6\" data-element_type=\"section\">\n\t\t\t\t\t\t<div class=\"elementor-container elementor-column-gap-no\">\n\t\t\t\t\t<div class=\"elementor-column elementor-col-100 elementor-top-column elementor-element elementor-element-f7a3c3e\" data-id=\"f7a3c3e\" data-element_type=\"column\">\n\t\t\t<div class=\"elementor-widget-wrap elementor-element-populated\">\n\t\t\t\t\t\t<div class=\"elementor-element elementor-element-4d20960 elementor-widget elementor-widget-spacer\" data-id=\"4d20960\" data-element_type=\"widget\" data-widget_type=\"spacer.default\">\n\t\t\t\t<div class=\"elementor-widget-container\">\n\t\t\t\t\t<div class=\"elementor-spacer\">\n\t\t\t<div class=\"elementor-spacer-inner\"><\/div>\n\t\t<\/div>\n\t\t\t\t<\/div>\n\t\t\t\t<\/div>\n\t\t\t\t\t<\/div>\n\t\t<\/div>\n\t\t\t\t\t<\/div>\n\t\t<\/section>\n\t\t\t\t<section class=\"elementor-section elementor-top-section elementor-element elementor-element-9f0064c elementor-section-boxed elementor-section-height-default elementor-section-height-default\" data-id=\"9f0064c\" data-element_type=\"section\">\n\t\t\t\t\t\t<div class=\"elementor-container elementor-column-gap-default\">\n\t\t\t\t\t<div class=\"elementor-column elementor-col-50 elementor-top-column elementor-element elementor-element-727cbe7\" data-id=\"727cbe7\" data-element_type=\"column\">\n\t\t\t<div class=\"elementor-widget-wrap elementor-element-populated\">\n\t\t\t\t\t\t<div class=\"elementor-element elementor-element-4fcedae elementor-invisible elementor-widget elementor-widget-image\" data-id=\"4fcedae\" data-element_type=\"widget\" data-settings=\"{&quot;_animation&quot;:&quot;bounce&quot;,&quot;_animation_delay&quot;:100}\" data-widget_type=\"image.default\">\n\t\t\t\t<div class=\"elementor-widget-container\">\n\t\t\t\t\t\t\t\t\t\t\t\t\t<img decoding=\"async\" width=\"768\" height=\"525\" src=\"https:\/\/visiteprados.com.br\/radiscan\/wp-content\/uploads\/2024\/10\/Sobre-Nos-2.jpg\" class=\"attachment-large size-large wp-image-120\" alt=\"\" srcset=\"https:\/\/visiteprados.com.br\/radiscan\/wp-content\/uploads\/2024\/10\/Sobre-Nos-2.jpg 768w, https:\/\/visiteprados.com.br\/radiscan\/wp-content\/uploads\/2024\/10\/Sobre-Nos-2-300x205.jpg 300w\" sizes=\"(max-width: 768px) 100vw, 768px\" \/>\t\t\t\t\t\t\t\t\t\t\t\t\t<\/div>\n\t\t\t\t<\/div>\n\t\t\t\t\t<\/div>\n\t\t<\/div>\n\t\t\t\t<div class=\"elementor-column elementor-col-50 elementor-top-column elementor-element elementor-element-37c08ae\" data-id=\"37c08ae\" data-element_type=\"column\">\n\t\t\t<div class=\"elementor-widget-wrap elementor-element-populated\">\n\t\t\t\t\t\t<div class=\"elementor-element elementor-element-4f1dd30 elementor-invisible elementor-widget elementor-widget-image\" data-id=\"4f1dd30\" data-element_type=\"widget\" data-settings=\"{&quot;_animation&quot;:&quot;bounce&quot;}\" data-widget_type=\"image.default\">\n\t\t\t\t<div class=\"elementor-widget-container\">\n\t\t\t\t\t\t\t\t\t\t\t\t\t<img decoding=\"async\" width=\"768\" height=\"525\" src=\"https:\/\/visiteprados.com.br\/radiscan\/wp-content\/uploads\/2024\/10\/Sobre-Nos-7.jpg\" class=\"attachment-large size-large wp-image-125\" alt=\"\" srcset=\"https:\/\/visiteprados.com.br\/radiscan\/wp-content\/uploads\/2024\/10\/Sobre-Nos-7.jpg 768w, https:\/\/visiteprados.com.br\/radiscan\/wp-content\/uploads\/2024\/10\/Sobre-Nos-7-300x205.jpg 300w\" sizes=\"(max-width: 768px) 100vw, 768px\" \/>\t\t\t\t\t\t\t\t\t\t\t\t\t<\/div>\n\t\t\t\t<\/div>\n\t\t\t\t\t<\/div>\n\t\t<\/div>\n\t\t\t\t\t<\/div>\n\t\t<\/section>\n\t\t\t\t<\/div>\n\t\t","protected":false},"excerpt":{"rendered":"<p>Adriana Andrade e Lidiane Gon\u00e7alves, societ\u00e1rias, durante o coquetel de inaugura\u00e7\u00e3o da nova sede da [&hellip;]<\/p>\n","protected":false},"author":1,"featured_media":0,"parent":0,"menu_order":0,"comment_status":"closed","ping_status":"closed","template":"","meta":{"footnotes":""},"class_list":["post-11","page","type-page","status-publish","hentry"],"_links":{"self":[{"href":"https:\/\/visiteprados.com.br\/radiscan\/wp-json\/wp\/v2\/pages\/11","targetHints":{"allow":["GET"]}}],"collection":[{"href":"https:\/\/visiteprados.com.br\/radiscan\/wp-json\/wp\/v2\/pages"}],"about":[{"href":"https:\/\/visiteprados.com.br\/radiscan\/wp-json\/wp\/v2\/types\/page"}],"author":[{"embeddable":true,"href":"https:\/\/visiteprados.com.br\/radiscan\/wp-json\/wp\/v2\/users\/1"}],"replies":[{"embeddable":true,"href":"https:\/\/visiteprados.com.br\/radiscan\/wp-json\/wp\/v2\/comments?post=11"}],"version-history":[{"count":0,"href":"https:\/\/visiteprados.com.br\/radiscan\/wp-json\/wp\/v2\/pages\/11\/revisions"}],"wp:attachment":[{"href":"https:\/\/visiteprados.com.br\/radiscan\/wp-json\/wp\/v2\/media?parent=11"}],"curies":[{"name":"wp","href":"https:\/\/api.w.org\/{rel}","templated":true}]}}