{"id":9,"date":"2025-11-12T16:24:33","date_gmt":"2025-11-12T19:24:33","guid":{"rendered":"https:\/\/visiteprados.com.br\/hospital\/?page_id=9"},"modified":"2026-03-31T10:12:21","modified_gmt":"2026-03-31T13:12:21","slug":"historia","status":"publish","type":"page","link":"https:\/\/visiteprados.com.br\/hospital\/historia\/","title":{"rendered":"Hist\u00f3ria"},"content":{"rendered":"\t\t<div data-elementor-type=\"wp-page\" data-elementor-id=\"9\" class=\"elementor elementor-9\">\n\t\t\t\t<div class=\"elementor-element elementor-element-8b3f7cd e-flex e-con-boxed wpr-particle-no wpr-jarallax-no wpr-parallax-no wpr-sticky-section-no e-con e-parent\" data-id=\"8b3f7cd\" data-element_type=\"container\">\n\t\t\t\t\t<div class=\"e-con-inner\">\n\t\t\t\t<div class=\"elementor-element elementor-element-746c568 elementor-widget elementor-widget-heading\" data-id=\"746c568\" data-element_type=\"widget\" data-widget_type=\"heading.default\">\n\t\t\t\t\t<h1 class=\"elementor-heading-title elementor-size-default\">Hist\u00f3ria do Hospital Nossa Senhora do Ros\u00e1rio<\/h1>\t\t\t\t<\/div>\n\t\t\t\t<div class=\"elementor-element elementor-element-3a2d94f elementor-widget elementor-widget-spacer\" data-id=\"3a2d94f\" data-element_type=\"widget\" data-widget_type=\"spacer.default\">\n\t\t\t\t\t\t\t<div class=\"elementor-spacer\">\n\t\t\t<div class=\"elementor-spacer-inner\"><\/div>\n\t\t<\/div>\n\t\t\t\t\t\t<\/div>\n\t\t\t\t<div class=\"elementor-element elementor-element-4c43e8a elementor-widget elementor-widget-image\" data-id=\"4c43e8a\" data-element_type=\"widget\" data-widget_type=\"image.default\">\n\t\t\t\t\t\t\t\t\t\t\t\t\t\t\t<img decoding=\"async\" src=\"https:\/\/visiteprados.com.br\/hospital\/wp-content\/uploads\/elementor\/thumbs\/FOTO-E-SITUACAO-DO-MES_Nero_AI_Image_Upscaler_Photo_Face-1-5-rl36mdurmpdli0w54bzeefrayjb7vhfl2eanjdsv5k.webp\" title=\"FOTO E SITUA\u00c7\u00c3O DO M\u00caS_Nero_AI_Image_Upscaler_Photo_Face 1 (5)\" alt=\"FOTO E SITUA\u00c7\u00c3O DO M\u00caS_Nero_AI_Image_Upscaler_Photo_Face 1 (5)\" loading=\"lazy\" \/>\t\t\t\t\t\t\t\t\t\t\t\t\t\t\t<\/div>\n\t\t\t\t<div class=\"elementor-element elementor-element-540371f elementor-widget elementor-widget-spacer\" data-id=\"540371f\" data-element_type=\"widget\" data-widget_type=\"spacer.default\">\n\t\t\t\t\t\t\t<div class=\"elementor-spacer\">\n\t\t\t<div class=\"elementor-spacer-inner\"><\/div>\n\t\t<\/div>\n\t\t\t\t\t\t<\/div>\n\t\t\t\t<div class=\"elementor-element elementor-element-edfdced elementor-widget elementor-widget-text-editor\" data-id=\"edfdced\" data-element_type=\"widget\" data-widget_type=\"text-editor.default\">\n\t\t\t\t\t\t\t\t\t<p data-start=\"320\" data-end=\"787\">O Hospital Nossa Senhora do Ros\u00e1rio, localizado em Resende Costa (MG), tem suas origens na f\u00e9 e na solidariedade que marcaram o in\u00edcio do s\u00e9culo XX. Fundado pelo c\u00f4nego Ant\u00f4nio Cardoso Damasceno, o hospital nasceu do desejo de oferecer cuidado e acolhimento aos doentes pobres da regi\u00e3o. Em 1917, movido pela caridade crist\u00e3, o c\u00f4nego iniciou a constru\u00e7\u00e3o da institui\u00e7\u00e3o, com o apoio da Irmandade de Nossa Senhora do Ros\u00e1rio e da comunidade local.<\/p><p data-start=\"789\" data-end=\"1280\">Ao longo das d\u00e9cadas, o hospital se tornou um s\u00edmbolo de amor ao pr\u00f3ximo e compromisso com a sa\u00fade da popula\u00e7\u00e3o de Resende Costa.<br data-start=\"918\" data-end=\"921\" \/>Um marco importante aconteceu em 1954, quando as Filhas de S\u00e3o Camilo, religiosas dedicadas \u00e0 assist\u00eancia aos enfermos, assumiram a dire\u00e7\u00e3o do hospital. A partir desse momento, o Hospital Nossa Senhora do Ros\u00e1rio passou por um processo de moderniza\u00e7\u00e3o, amplia\u00e7\u00e3o e fortalecimento da sua miss\u00e3o de prestar atendimento humanizado e de qualidade.<\/p><p data-start=\"1282\" data-end=\"1646\">Foram inaugurados novos pavilh\u00f5es, como o Francisca C\u00e2ndida Pe\u00e7anha e o C\u00f4nego Cardoso, al\u00e9m da cria\u00e7\u00e3o do Asilo S\u00e3o Camilo, que ampliou a atua\u00e7\u00e3o social da institui\u00e7\u00e3o.<br data-start=\"1463\" data-end=\"1466\" \/>Em 1986, o hospital foi oficialmente doado \u00e0 Congrega\u00e7\u00e3o das Filhas de S\u00e3o Camilo, consolidando uma parceria duradoura entre f\u00e9, caridade e compromisso com a sa\u00fade p\u00fablica.<\/p><p data-start=\"1648\" data-end=\"1994\">Hoje, com mais de 100 anos de hist\u00f3ria, o Hospital Nossa Senhora do Ros\u00e1rio continua ativo, evoluindo com o tempo e mantendo viva sua miss\u00e3o de cuidar com dedica\u00e7\u00e3o, amor e humanidade.<br data-start=\"1840\" data-end=\"1843\" \/>Com uma equipe comprometida e estrutura moderna, o hospital \u00e9 refer\u00eancia regional em atendimento hospitalar e assist\u00eancia \u00e0 sa\u00fade em Resende Costa.<\/p>\t\t\t\t\t\t\t\t<\/div>\n\t\t\t\t\t<\/div>\n\t\t\t\t<\/div>\n\t\t<div class=\"elementor-element elementor-element-322bbe0 e-flex e-con-boxed wpr-particle-no wpr-jarallax-no wpr-parallax-no wpr-sticky-section-no e-con e-parent\" data-id=\"322bbe0\" data-element_type=\"container\">\n\t\t\t\t\t<div class=\"e-con-inner\">\n\t\t\t\t<div class=\"elementor-element elementor-element-de99297 elementor-widget elementor-widget-html\" data-id=\"de99297\" data-element_type=\"widget\" data-widget_type=\"html.default\">\n\t\t\t\t\t<section class=\"timeline\">\r\n  <h2>Linha do Tempo \u2013 Hospital Nossa Senhora do Ros\u00e1rio<\/h2>\r\n\r\n  <div class=\"timeline-container\">\r\n\r\n    <!-- 1912 -->\r\n    <div class=\"timeline-item left\">\r\n      <div class=\"timeline-content\">\r\n        <span class=\"year\">1912<\/span>\r\n        <h3>Emancipa\u00e7\u00e3o de Resende Costa<\/h3>\r\n        <p>A cidade se separa de Tiradentes e inicia obras estruturais lideradas pelo Coronel Francisco Mendes, entre elas o futuro hospital.<\/p>\r\n      <\/div>\r\n    <\/div>\r\n\r\n    <!-- 1916 -->\r\n    <div class=\"timeline-item right\">\r\n      <div class=\"timeline-content\">\r\n        <span class=\"year\">1916<\/span>\r\n        <h3>Cria\u00e7\u00e3o da Irmandade de Nossa Senhora do Ros\u00e1rio<\/h3>\r\n        <p>C\u00f4nego Ant\u00f4nio Cardoso Damasceno funda a Irmandade respons\u00e1vel pela administra\u00e7\u00e3o do hospital e adquire o primeiro im\u00f3vel.<\/p>\r\n      <\/div>\r\n    <\/div>\r\n\r\n    <!-- 1917 -->\r\n    <div class=\"timeline-item left\">\r\n      <div class=\"timeline-content\">\r\n        <span class=\"year\">1917<\/span>\r\n        <h3>In\u00edcio da constru\u00e7\u00e3o do hospital<\/h3>\r\n        <p>O c\u00f4nego Damasceno lan\u00e7a os alicerces do Hospital Nossa Senhora do Ros\u00e1rio, com o prop\u00f3sito de atender gratuitamente os doentes pobres.<\/p>\r\n      <\/div>\r\n    <\/div>\r\n\r\n    <!-- 1920 -->\r\n    <div class=\"timeline-item right\">\r\n      <div class=\"timeline-content\">\r\n        <span class=\"year\">1920<\/span>\r\n        <h3>Pedido de religiosas<\/h3>\r\n        <p>C\u00f4nego Damasceno solicita ao arcebispo de Mariana o envio de irm\u00e3s para cuidar da nova institui\u00e7\u00e3o de caridade.<\/p>\r\n      <\/div>\r\n    <\/div>\r\n\r\n    <!-- 1924 -->\r\n    <div class=\"timeline-item left\">\r\n      <div class=\"timeline-content\">\r\n        <span class=\"year\">1924<\/span>\r\n        <h3>Falecimento do fundador<\/h3>\r\n        <p>C\u00f4nego Damasceno falece, deixando o hospital e o asilo como heran\u00e7a de f\u00e9 e caridade \u00e0 cidade.<\/p>\r\n      <\/div>\r\n    <\/div>\r\n\r\n    <!-- 1954 -->\r\n    <div class=\"timeline-item right\">\r\n      <div class=\"timeline-content\">\r\n        <span class=\"year\">1954<\/span>\r\n        <h3>Chegada das Filhas de S\u00e3o Camilo<\/h3>\r\n        <p>A convite do monsenhor Nelson Rodrigues Ferreira, quatro irm\u00e3s camilianas assumem a dire\u00e7\u00e3o do hospital, marcando uma nova era na sa\u00fade local.<\/p>\r\n      <\/div>\r\n    <\/div>\r\n\r\n    <!-- 1957 -->\r\n    <div class=\"timeline-item left\">\r\n      <div class=\"timeline-content\">\r\n        <span class=\"year\">1957<\/span>\r\n        <h3>Pavilh\u00e3o Francisca C\u00e2ndida Pe\u00e7anha<\/h3>\r\n        <p>O hospital ganha novas enfermarias e inaugura sua maternidade, ampliando a capacidade de atendimento.<\/p>\r\n      <\/div>\r\n    <\/div>\r\n\r\n    <!-- 1960 -->\r\n    <div class=\"timeline-item right\">\r\n      <div class=\"timeline-content\">\r\n        <span class=\"year\">1960<\/span>\r\n        <h3>Pavilh\u00e3o C\u00f4nego Cardoso<\/h3>\r\n        <p>Nova ala constru\u00edda para clausura das irm\u00e3s, com melhores condi\u00e7\u00f5es para trabalho e acolhimento dos pacientes.<\/p>\r\n      <\/div>\r\n    <\/div>\r\n\r\n    <!-- 1965 -->\r\n    <div class=\"timeline-item left\">\r\n      <div class=\"timeline-content\">\r\n        <span class=\"year\">1965<\/span>\r\n        <h3>Funda\u00e7\u00e3o do Asilo S\u00e3o Camilo<\/h3>\r\n        <p>Ampliando sua miss\u00e3o social, o hospital passa a acolher idosos e pessoas em vulnerabilidade.<\/p>\r\n      <\/div>\r\n    <\/div>\r\n\r\n    <!-- 1986 -->\r\n    <div class=\"timeline-item right\">\r\n      <div class=\"timeline-content\">\r\n        <span class=\"year\">1986<\/span>\r\n        <h3>Doa\u00e7\u00e3o oficial \u00e0s Filhas de S\u00e3o Camilo<\/h3>\r\n        <p>Ap\u00f3s longas negocia\u00e7\u00f5es, o hospital \u00e9 oficialmente doado \u00e0 congrega\u00e7\u00e3o, que assume sua gest\u00e3o plena.<\/p>\r\n      <\/div>\r\n    <\/div>\r\n\r\n    <!-- 1987 -->\r\n    <div class=\"timeline-item left\">\r\n      <div class=\"timeline-content\">\r\n        <span class=\"year\">1987<\/span>\r\n        <h3>Novo pavilh\u00e3o do hospital<\/h3>\r\n        <p>Inicia-se a constru\u00e7\u00e3o de um novo edif\u00edcio, mais moderno e equipado.<\/p>\r\n      <\/div>\r\n    <\/div>\r\n\r\n    <!-- 2014 -->\r\n    <div class=\"timeline-item right\">\r\n      <div class=\"timeline-content\">\r\n        <span class=\"year\">2014<\/span>\r\n        <h3>60 anos das Filhas de S\u00e3o Camilo em Resende Costa<\/h3>\r\n        <p>Celebra\u00e7\u00e3o dos 60 anos de presen\u00e7a das irm\u00e3s e do centen\u00e1rio de nascimento do Monsenhor Nelson, em missa solene presidida por Dom C\u00e9lio de Oliveira Goulart.<\/p>\r\n      <\/div>\r\n    <\/div>\r\n\r\n    <!-- Presente -->\r\n    <div class=\"timeline-item center\">\r\n      <div class=\"timeline-content\">\r\n        <span class=\"year\">\ud83c\udf3f Presente<\/span>\r\n        <h3>Nossa Hist\u00f3ria Continua<\/h3>\r\n        <p>Mais de um s\u00e9culo depois da sua funda\u00e7\u00e3o, o Hospital Nossa Senhora do Ros\u00e1rio segue firme em sua miss\u00e3o de cuidar com dedica\u00e7\u00e3o, f\u00e9 e amor.<br>\r\n        Com uma equipe comprometida e estrutura moderna, o hospital continua a oferecer atendimento de qualidade e humanizado, mantendo vivo o legado de solidariedade e servi\u00e7o ao pr\u00f3ximo deixado por seus fundadores.<\/p>\r\n      <\/div>\r\n    <\/div>\r\n\r\n  <\/div>\r\n<\/section>\r\n\r\n\r\n<style>\r\n.timeline {\r\n  font-family: 'Poppins', sans-serif;\r\n  background: #fafafa;\r\n  padding: 60px 20px;\r\n  position: relative;\r\n}\r\n.timeline h2 {\r\n  text-align: center;\r\n  color: #333;\r\n  font-size: 28px;\r\n  margin-bottom: 60px;\r\n}\r\n.timeline-container {\r\n  position: relative;\r\n  max-width: 1000px;\r\n  margin: auto;\r\n  display: flex;\r\n  flex-direction: column;\r\n  gap: 60px;\r\n}\r\n.timeline-container::before {\r\n  content: '';\r\n  position: absolute;\r\n  top: 0;\r\n  bottom: 0;\r\n  left: 50%;\r\n  width: 3px;\r\n  background: #831f1f;\r\n  transform: translateX(-50%);\r\n  z-index: 0;\r\n}\r\n\r\n\/* Itens *\/\r\n.timeline-item {\r\n  position: relative;\r\n  width: 100%;\r\n  display: flex;\r\n  justify-content: space-between;\r\n  align-items: flex-start;\r\n}\r\n.timeline-item.left .timeline-content {\r\n  width: 45%;\r\n  text-align: right;\r\n}\r\n.timeline-item.right {\r\n  flex-direction: row-reverse;\r\n}\r\n.timeline-item.right .timeline-content {\r\n  width: 45%;\r\n  text-align: left;\r\n}\r\n.timeline-item.center {\r\n  justify-content: center;\r\n}\r\n.timeline-item.center .timeline-content {\r\n  width: 60%;\r\n  text-align: center;\r\n}\r\n.timeline-item.center::before {\r\n  display: none;\r\n}\r\n\r\n\/* Conte\u00fado *\/\r\n.timeline-content {\r\n  background: #fff;\r\n  padding: 25px 30px;\r\n  border-radius: 10px;\r\n  box-shadow: 0 3px 10px rgba(0,0,0,0.08);\r\n  position: relative;\r\n  z-index: 2;\r\n}\r\n.timeline-content .year {\r\n  display: block;\r\n  color: #831f1f;\r\n  font-weight: 600;\r\n  margin-bottom: 6px;\r\n}\r\n.timeline-content h3 {\r\n  margin: 0 0 10px 0;\r\n  color: #333;\r\n  font-size: 18px;\r\n}\r\n.timeline-content p {\r\n  margin: 0;\r\n  color: #555;\r\n  line-height: 1.7;\r\n}\r\n\r\n\/* Bolinhas *\/\r\n.timeline-item::before {\r\n  content: '';\r\n  position: absolute;\r\n  top: 25px;\r\n  left: 50%;\r\n  transform: translateX(-50%);\r\n  width: 18px;\r\n  height: 18px;\r\n  background: #fff;\r\n  border: 4px solid #831f1f;\r\n  border-radius: 50%;\r\n  z-index: 3;\r\n}\r\n\r\n\/* Responsivo *\/\r\n@media screen and (max-width: 768px) {\r\n  .timeline-container::before {\r\n    left: 20px;\r\n  }\r\n  .timeline-item {\r\n    flex-direction: column;\r\n    align-items: flex-start;\r\n  }\r\n  .timeline-item.left .timeline-content,\r\n  .timeline-item.right .timeline-content,\r\n  .timeline-item.center .timeline-content {\r\n    width: 100%;\r\n    text-align: left;\r\n    padding-left: 40px;\r\n  }\r\n  .timeline-item::before {\r\n    left: 12px;\r\n  }\r\n}\r\n<\/style>\r\n\t\t\t\t<\/div>\n\t\t\t\t\t<\/div>\n\t\t\t\t<\/div>\n\t\t<div class=\"elementor-element elementor-element-6105ac5 e-flex e-con-boxed wpr-particle-no wpr-jarallax-no wpr-parallax-no wpr-sticky-section-no e-con e-parent\" data-id=\"6105ac5\" data-element_type=\"container\">\n\t\t\t\t\t<div class=\"e-con-inner\">\n\t\t\t\t<div class=\"elementor-element elementor-element-adff9da elementor-widget elementor-widget-image\" data-id=\"adff9da\" data-element_type=\"widget\" data-widget_type=\"image.default\">\n\t\t\t\t\t\t\t\t\t\t\t\t\t\t\t<img fetchpriority=\"high\" decoding=\"async\" width=\"680\" height=\"380\" src=\"https:\/\/visiteprados.com.br\/hospital\/wp-content\/uploads\/2026\/03\/Frame-3-1.webp\" class=\"attachment-full size-full wp-image-171\" alt=\"\" srcset=\"https:\/\/visiteprados.com.br\/hospital\/wp-content\/uploads\/2026\/03\/Frame-3-1.webp 680w, https:\/\/visiteprados.com.br\/hospital\/wp-content\/uploads\/2026\/03\/Frame-3-1-300x168.webp 300w\" sizes=\"(max-width: 680px) 100vw, 680px\" \/>\t\t\t\t\t\t\t\t\t\t\t\t\t\t\t<\/div>\n\t\t\t\t\t<\/div>\n\t\t\t\t<\/div>\n\t\t\t\t<\/div>\n\t\t\n    <div class=\"xs_social_share_widget xs_share_url after_content \t\tmain_content  wslu-style-1 wslu-share-box-shaped wslu-fill-colored wslu-none wslu-share-horizontal wslu-theme-font-no wslu-main_content\">\n\n\t\t\n        <ul>\n\t\t\t        <\/ul>\n    <\/div> \n","protected":false},"excerpt":{"rendered":"<p>Hist\u00f3ria do Hospital Nossa Senhora do Ros\u00e1rio O Hospital Nossa Senhora do Ros\u00e1rio, localizado em<\/p>\n","protected":false},"author":1,"featured_media":0,"parent":0,"menu_order":0,"comment_status":"closed","ping_status":"closed","template":"","meta":{"footnotes":""},"class_list":["post-9","page","type-page","status-publish","hentry"],"yoast_head":"<!-- This site is optimized with the Yoast SEO plugin v26.3 - https:\/\/yoast.com\/wordpress\/plugins\/seo\/ -->\n<title>Hist\u00f3ria - Hospital Nossa Senhora do Ros\u00e1rio - Resende Costa<\/title>\n<meta name=\"description\" content=\"Hist\u00f3ria do Hospital Nossa Senhora do Ros\u00e1rio, em Resende Costa (MG). Mais de 100 anos de f\u00e9, cuidado e dedica\u00e7\u00e3o \u00e0 sa\u00fade da comunidade.\" \/>\n<meta name=\"robots\" content=\"index, follow, max-snippet:-1, max-image-preview:large, max-video-preview:-1\" \/>\n<link rel=\"canonical\" href=\"https:\/\/visiteprados.com.br\/hospital\/historia\/\" \/>\n<meta property=\"og:locale\" content=\"pt_BR\" \/>\n<meta property=\"og:type\" content=\"article\" \/>\n<meta property=\"og:title\" content=\"Hist\u00f3ria - Hospital Nossa Senhora do Ros\u00e1rio - Resende Costa\" \/>\n<meta property=\"og:description\" content=\"Hist\u00f3ria do Hospital Nossa Senhora do Ros\u00e1rio, em Resende Costa (MG). Mais de 100 anos de f\u00e9, cuidado e dedica\u00e7\u00e3o \u00e0 sa\u00fade da comunidade.\" \/>\n<meta property=\"og:url\" content=\"https:\/\/visiteprados.com.br\/hospital\/historia\/\" \/>\n<meta property=\"og:site_name\" content=\"Hospital Nossa Senhora do Ros\u00e1rio - Resende Costa\" \/>\n<meta property=\"article:publisher\" content=\"https:\/\/www.instagram.com\/hospital_rc\/\" \/>\n<meta property=\"article:modified_time\" content=\"2026-03-31T13:12:21+00:00\" \/>\n<meta property=\"og:image\" content=\"https:\/\/visiteprados.com.br\/hospital\/wp-content\/uploads\/elementor\/thumbs\/FOTO-E-SITUACAO-DO-MES_Nero_AI_Image_Upscaler_Photo_Face-1-5-rl36mdurmpdli0w54bzeefrayjb7vhfl2eanjdsv5k.webp\" \/>\n<meta name=\"twitter:card\" content=\"summary_large_image\" \/>\n<meta name=\"twitter:label1\" content=\"Est. tempo de leitura\" \/>\n\t<meta name=\"twitter:data1\" content=\"5 minutos\" \/>\n<script type=\"application\/ld+json\" class=\"yoast-schema-graph\">{\"@context\":\"https:\/\/schema.org\",\"@graph\":[{\"@type\":\"WebPage\",\"@id\":\"https:\/\/visiteprados.com.br\/hospital\/historia\/\",\"url\":\"https:\/\/visiteprados.com.br\/hospital\/historia\/\",\"name\":\"Hist\u00f3ria - Hospital Nossa Senhora do Ros\u00e1rio - Resende Costa\",\"isPartOf\":{\"@id\":\"https:\/\/visiteprados.com.br\/hospital\/#website\"},\"primaryImageOfPage\":{\"@id\":\"https:\/\/visiteprados.com.br\/hospital\/historia\/#primaryimage\"},\"image\":{\"@id\":\"https:\/\/visiteprados.com.br\/hospital\/historia\/#primaryimage\"},\"thumbnailUrl\":\"https:\/\/visiteprados.com.br\/hospital\/wp-content\/uploads\/elementor\/thumbs\/FOTO-E-SITUACAO-DO-MES_Nero_AI_Image_Upscaler_Photo_Face-1-5-rl36mdurmpdli0w54bzeefrayjb7vhfl2eanjdsv5k.webp\",\"datePublished\":\"2025-11-12T19:24:33+00:00\",\"dateModified\":\"2026-03-31T13:12:21+00:00\",\"description\":\"Hist\u00f3ria do Hospital Nossa Senhora do Ros\u00e1rio, em Resende Costa (MG). Mais de 100 anos de f\u00e9, cuidado e dedica\u00e7\u00e3o \u00e0 sa\u00fade da comunidade.\",\"breadcrumb\":{\"@id\":\"https:\/\/visiteprados.com.br\/hospital\/historia\/#breadcrumb\"},\"inLanguage\":\"pt-BR\",\"potentialAction\":[{\"@type\":\"ReadAction\",\"target\":[\"https:\/\/visiteprados.com.br\/hospital\/historia\/\"]}]},{\"@type\":\"ImageObject\",\"inLanguage\":\"pt-BR\",\"@id\":\"https:\/\/visiteprados.com.br\/hospital\/historia\/#primaryimage\",\"url\":\"https:\/\/visiteprados.com.br\/hospital\/wp-content\/uploads\/elementor\/thumbs\/FOTO-E-SITUACAO-DO-MES_Nero_AI_Image_Upscaler_Photo_Face-1-5-rl36mdurmpdli0w54bzeefrayjb7vhfl2eanjdsv5k.webp\",\"contentUrl\":\"https:\/\/visiteprados.com.br\/hospital\/wp-content\/uploads\/elementor\/thumbs\/FOTO-E-SITUACAO-DO-MES_Nero_AI_Image_Upscaler_Photo_Face-1-5-rl36mdurmpdli0w54bzeefrayjb7vhfl2eanjdsv5k.webp\"},{\"@type\":\"BreadcrumbList\",\"@id\":\"https:\/\/visiteprados.com.br\/hospital\/historia\/#breadcrumb\",\"itemListElement\":[{\"@type\":\"ListItem\",\"position\":1,\"name\":\"In\u00edcio\",\"item\":\"https:\/\/visiteprados.com.br\/hospital\/\"},{\"@type\":\"ListItem\",\"position\":2,\"name\":\"Hist\u00f3ria\"}]},{\"@type\":\"WebSite\",\"@id\":\"https:\/\/visiteprados.com.br\/hospital\/#website\",\"url\":\"https:\/\/visiteprados.com.br\/hospital\/\",\"name\":\"Hospital Nossa Senhora do Ros\u00e1rio - Resende Costa\",\"description\":\"\",\"publisher\":{\"@id\":\"https:\/\/visiteprados.com.br\/hospital\/#organization\"},\"potentialAction\":[{\"@type\":\"SearchAction\",\"target\":{\"@type\":\"EntryPoint\",\"urlTemplate\":\"https:\/\/visiteprados.com.br\/hospital\/?s={search_term_string}\"},\"query-input\":{\"@type\":\"PropertyValueSpecification\",\"valueRequired\":true,\"valueName\":\"search_term_string\"}}],\"inLanguage\":\"pt-BR\"},{\"@type\":\"Organization\",\"@id\":\"https:\/\/visiteprados.com.br\/hospital\/#organization\",\"name\":\"Hospital Nossa Senhora do Ros\u00e1rio - Resende Costa\",\"url\":\"https:\/\/visiteprados.com.br\/hospital\/\",\"logo\":{\"@type\":\"ImageObject\",\"inLanguage\":\"pt-BR\",\"@id\":\"https:\/\/visiteprados.com.br\/hospital\/#\/schema\/logo\/image\/\",\"url\":\"https:\/\/visiteprados.com.br\/hospital\/wp-content\/uploads\/2025\/11\/Frame-2.png\",\"contentUrl\":\"https:\/\/visiteprados.com.br\/hospital\/wp-content\/uploads\/2025\/11\/Frame-2.png\",\"width\":357,\"height\":123,\"caption\":\"Hospital Nossa Senhora do Ros\u00e1rio - Resende Costa\"},\"image\":{\"@id\":\"https:\/\/visiteprados.com.br\/hospital\/#\/schema\/logo\/image\/\"},\"sameAs\":[\"https:\/\/www.instagram.com\/hospital_rc\/\"]}]}<\/script>\n<!-- \/ Yoast SEO plugin. -->","yoast_head_json":{"title":"Hist\u00f3ria - Hospital Nossa Senhora do Ros\u00e1rio - Resende Costa","description":"Hist\u00f3ria do Hospital Nossa Senhora do Ros\u00e1rio, em Resende Costa (MG). Mais de 100 anos de f\u00e9, cuidado e dedica\u00e7\u00e3o \u00e0 sa\u00fade da comunidade.","robots":{"index":"index","follow":"follow","max-snippet":"max-snippet:-1","max-image-preview":"max-image-preview:large","max-video-preview":"max-video-preview:-1"},"canonical":"https:\/\/visiteprados.com.br\/hospital\/historia\/","og_locale":"pt_BR","og_type":"article","og_title":"Hist\u00f3ria - Hospital Nossa Senhora do Ros\u00e1rio - Resende Costa","og_description":"Hist\u00f3ria do Hospital Nossa Senhora do Ros\u00e1rio, em Resende Costa (MG). Mais de 100 anos de f\u00e9, cuidado e dedica\u00e7\u00e3o \u00e0 sa\u00fade da comunidade.","og_url":"https:\/\/visiteprados.com.br\/hospital\/historia\/","og_site_name":"Hospital Nossa Senhora do Ros\u00e1rio - Resende Costa","article_publisher":"https:\/\/www.instagram.com\/hospital_rc\/","article_modified_time":"2026-03-31T13:12:21+00:00","og_image":[{"url":"https:\/\/visiteprados.com.br\/hospital\/wp-content\/uploads\/elementor\/thumbs\/FOTO-E-SITUACAO-DO-MES_Nero_AI_Image_Upscaler_Photo_Face-1-5-rl36mdurmpdli0w54bzeefrayjb7vhfl2eanjdsv5k.webp","type":"","width":"","height":""}],"twitter_card":"summary_large_image","twitter_misc":{"Est. tempo de leitura":"5 minutos"},"schema":{"@context":"https:\/\/schema.org","@graph":[{"@type":"WebPage","@id":"https:\/\/visiteprados.com.br\/hospital\/historia\/","url":"https:\/\/visiteprados.com.br\/hospital\/historia\/","name":"Hist\u00f3ria - Hospital Nossa Senhora do Ros\u00e1rio - Resende Costa","isPartOf":{"@id":"https:\/\/visiteprados.com.br\/hospital\/#website"},"primaryImageOfPage":{"@id":"https:\/\/visiteprados.com.br\/hospital\/historia\/#primaryimage"},"image":{"@id":"https:\/\/visiteprados.com.br\/hospital\/historia\/#primaryimage"},"thumbnailUrl":"https:\/\/visiteprados.com.br\/hospital\/wp-content\/uploads\/elementor\/thumbs\/FOTO-E-SITUACAO-DO-MES_Nero_AI_Image_Upscaler_Photo_Face-1-5-rl36mdurmpdli0w54bzeefrayjb7vhfl2eanjdsv5k.webp","datePublished":"2025-11-12T19:24:33+00:00","dateModified":"2026-03-31T13:12:21+00:00","description":"Hist\u00f3ria do Hospital Nossa Senhora do Ros\u00e1rio, em Resende Costa (MG). Mais de 100 anos de f\u00e9, cuidado e dedica\u00e7\u00e3o \u00e0 sa\u00fade da comunidade.","breadcrumb":{"@id":"https:\/\/visiteprados.com.br\/hospital\/historia\/#breadcrumb"},"inLanguage":"pt-BR","potentialAction":[{"@type":"ReadAction","target":["https:\/\/visiteprados.com.br\/hospital\/historia\/"]}]},{"@type":"ImageObject","inLanguage":"pt-BR","@id":"https:\/\/visiteprados.com.br\/hospital\/historia\/#primaryimage","url":"https:\/\/visiteprados.com.br\/hospital\/wp-content\/uploads\/elementor\/thumbs\/FOTO-E-SITUACAO-DO-MES_Nero_AI_Image_Upscaler_Photo_Face-1-5-rl36mdurmpdli0w54bzeefrayjb7vhfl2eanjdsv5k.webp","contentUrl":"https:\/\/visiteprados.com.br\/hospital\/wp-content\/uploads\/elementor\/thumbs\/FOTO-E-SITUACAO-DO-MES_Nero_AI_Image_Upscaler_Photo_Face-1-5-rl36mdurmpdli0w54bzeefrayjb7vhfl2eanjdsv5k.webp"},{"@type":"BreadcrumbList","@id":"https:\/\/visiteprados.com.br\/hospital\/historia\/#breadcrumb","itemListElement":[{"@type":"ListItem","position":1,"name":"In\u00edcio","item":"https:\/\/visiteprados.com.br\/hospital\/"},{"@type":"ListItem","position":2,"name":"Hist\u00f3ria"}]},{"@type":"WebSite","@id":"https:\/\/visiteprados.com.br\/hospital\/#website","url":"https:\/\/visiteprados.com.br\/hospital\/","name":"Hospital Nossa Senhora do Ros\u00e1rio - Resende Costa","description":"","publisher":{"@id":"https:\/\/visiteprados.com.br\/hospital\/#organization"},"potentialAction":[{"@type":"SearchAction","target":{"@type":"EntryPoint","urlTemplate":"https:\/\/visiteprados.com.br\/hospital\/?s={search_term_string}"},"query-input":{"@type":"PropertyValueSpecification","valueRequired":true,"valueName":"search_term_string"}}],"inLanguage":"pt-BR"},{"@type":"Organization","@id":"https:\/\/visiteprados.com.br\/hospital\/#organization","name":"Hospital Nossa Senhora do Ros\u00e1rio - Resende Costa","url":"https:\/\/visiteprados.com.br\/hospital\/","logo":{"@type":"ImageObject","inLanguage":"pt-BR","@id":"https:\/\/visiteprados.com.br\/hospital\/#\/schema\/logo\/image\/","url":"https:\/\/visiteprados.com.br\/hospital\/wp-content\/uploads\/2025\/11\/Frame-2.png","contentUrl":"https:\/\/visiteprados.com.br\/hospital\/wp-content\/uploads\/2025\/11\/Frame-2.png","width":357,"height":123,"caption":"Hospital Nossa Senhora do Ros\u00e1rio - Resende Costa"},"image":{"@id":"https:\/\/visiteprados.com.br\/hospital\/#\/schema\/logo\/image\/"},"sameAs":["https:\/\/www.instagram.com\/hospital_rc\/"]}]}},"_links":{"self":[{"href":"https:\/\/visiteprados.com.br\/hospital\/wp-json\/wp\/v2\/pages\/9","targetHints":{"allow":["GET"]}}],"collection":[{"href":"https:\/\/visiteprados.com.br\/hospital\/wp-json\/wp\/v2\/pages"}],"about":[{"href":"https:\/\/visiteprados.com.br\/hospital\/wp-json\/wp\/v2\/types\/page"}],"author":[{"embeddable":true,"href":"https:\/\/visiteprados.com.br\/hospital\/wp-json\/wp\/v2\/users\/1"}],"replies":[{"embeddable":true,"href":"https:\/\/visiteprados.com.br\/hospital\/wp-json\/wp\/v2\/comments?post=9"}],"version-history":[{"count":0,"href":"https:\/\/visiteprados.com.br\/hospital\/wp-json\/wp\/v2\/pages\/9\/revisions"}],"wp:attachment":[{"href":"https:\/\/visiteprados.com.br\/hospital\/wp-json\/wp\/v2\/media?parent=9"}],"curies":[{"name":"wp","href":"https:\/\/api.w.org\/{rel}","templated":true}]}}