{"id":50,"date":"2025-11-13T15:57:11","date_gmt":"2025-11-13T18:57:11","guid":{"rendered":"https:\/\/visiteprados.com.br\/hospital\/?page_id=50"},"modified":"2026-03-31T15:23:16","modified_gmt":"2026-03-31T18:23:16","slug":"instrucoes-para-visitantes","status":"publish","type":"page","link":"https:\/\/visiteprados.com.br\/hospital\/instrucoes-para-visitantes\/","title":{"rendered":"Instru\u00e7\u00f5es para visitantes"},"content":{"rendered":"\t\t<div data-elementor-type=\"wp-page\" data-elementor-id=\"50\" class=\"elementor elementor-50\">\n\t\t\t\t<div class=\"elementor-element elementor-element-b01501e e-flex e-con-boxed wpr-particle-no wpr-jarallax-no wpr-parallax-no wpr-sticky-section-no e-con e-parent\" data-id=\"b01501e\" data-element_type=\"container\">\n\t\t\t\t\t<div class=\"e-con-inner\">\n\t\t\t\t<div class=\"elementor-element elementor-element-500eba0 elementor-widget elementor-widget-heading\" data-id=\"500eba0\" data-element_type=\"widget\" data-widget_type=\"heading.default\">\n\t\t\t\t\t<h1 class=\"elementor-heading-title elementor-size-default\">Orienta\u00e7\u00f5es para visitantes e acompanhantes<\/h1>\t\t\t\t<\/div>\n\t\t\t\t<div class=\"elementor-element elementor-element-abe96af elementor-widget elementor-widget-spacer\" data-id=\"abe96af\" data-element_type=\"widget\" data-widget_type=\"spacer.default\">\n\t\t\t\t\t\t\t<div class=\"elementor-spacer\">\n\t\t\t<div class=\"elementor-spacer-inner\"><\/div>\n\t\t<\/div>\n\t\t\t\t\t\t<\/div>\n\t\t\t\t<div class=\"elementor-element elementor-element-ac25b48 elementor-widget elementor-widget-image\" data-id=\"ac25b48\" data-element_type=\"widget\" data-widget_type=\"image.default\">\n\t\t\t\t\t\t\t\t\t\t\t\t\t\t\t<img fetchpriority=\"high\" decoding=\"async\" width=\"1600\" height=\"899\" src=\"https:\/\/visiteprados.com.br\/hospital\/wp-content\/uploads\/2026\/03\/WhatsApp-Image-2026-03-25-at-17.53.46.webp\" class=\"attachment-full size-full wp-image-206\" alt=\"\" srcset=\"https:\/\/visiteprados.com.br\/hospital\/wp-content\/uploads\/2026\/03\/WhatsApp-Image-2026-03-25-at-17.53.46.webp 1600w, https:\/\/visiteprados.com.br\/hospital\/wp-content\/uploads\/2026\/03\/WhatsApp-Image-2026-03-25-at-17.53.46-300x169.webp 300w, https:\/\/visiteprados.com.br\/hospital\/wp-content\/uploads\/2026\/03\/WhatsApp-Image-2026-03-25-at-17.53.46-1024x575.webp 1024w, https:\/\/visiteprados.com.br\/hospital\/wp-content\/uploads\/2026\/03\/WhatsApp-Image-2026-03-25-at-17.53.46-768x432.webp 768w, https:\/\/visiteprados.com.br\/hospital\/wp-content\/uploads\/2026\/03\/WhatsApp-Image-2026-03-25-at-17.53.46-1536x863.webp 1536w\" sizes=\"(max-width: 1600px) 100vw, 1600px\" \/>\t\t\t\t\t\t\t\t\t\t\t\t\t\t\t<\/div>\n\t\t\t\t<div class=\"elementor-element elementor-element-b005fc1 elementor-widget elementor-widget-spacer\" data-id=\"b005fc1\" data-element_type=\"widget\" data-widget_type=\"spacer.default\">\n\t\t\t\t\t\t\t<div class=\"elementor-spacer\">\n\t\t\t<div class=\"elementor-spacer-inner\"><\/div>\n\t\t<\/div>\n\t\t\t\t\t\t<\/div>\n\t\t\t\t<div class=\"elementor-element elementor-element-b96f6e8 elementor-widget elementor-widget-text-editor\" data-id=\"b96f6e8\" data-element_type=\"widget\" data-widget_type=\"text-editor.default\">\n\t\t\t\t\t\t\t\t\t<p data-start=\"217\" data-end=\"464\">A presen\u00e7a da fam\u00edlia e dos amigos \u00e9 fundamental para o processo de recupera\u00e7\u00e3o dos nossos pacientes. Para garantir um ambiente seguro, tranquilo e organizado para todos, estabelecemos algumas orienta\u00e7\u00f5es que devem ser seguidas durante as visitas.<\/p><p data-start=\"466\" data-end=\"596\">Contamos com a sua colabora\u00e7\u00e3o para mantermos um espa\u00e7o acolhedor, respeitoso e preparado para oferecer o melhor cuidado poss\u00edvel.<\/p>\t\t\t\t\t\t\t\t<\/div>\n\t\t\t\t\t<\/div>\n\t\t\t\t<\/div>\n\t\t<div class=\"elementor-element elementor-element-2bccfa1 e-flex e-con-boxed wpr-particle-no wpr-jarallax-no wpr-parallax-no wpr-sticky-section-no e-con e-parent\" data-id=\"2bccfa1\" data-element_type=\"container\">\n\t\t\t\t\t<div class=\"e-con-inner\">\n\t\t\t\t<div class=\"elementor-element elementor-element-38c4bc4 elementor-align-left elementor-icon-list--layout-traditional elementor-list-item-link-full_width elementor-widget elementor-widget-icon-list\" data-id=\"38c4bc4\" data-element_type=\"widget\" data-widget_type=\"icon-list.default\">\n\t\t\t\t\t\t\t<ul class=\"elementor-icon-list-items\">\n\t\t\t\t\t\t\t<li class=\"elementor-icon-list-item\">\n\t\t\t\t\t\t\t\t\t\t\t<span class=\"elementor-icon-list-icon\">\n\t\t\t\t\t\t\t<svg aria-hidden=\"true\" class=\"e-font-icon-svg e-fas-check\" viewBox=\"0 0 512 512\" xmlns=\"http:\/\/www.w3.org\/2000\/svg\"><path d=\"M173.898 439.404l-166.4-166.4c-9.997-9.997-9.997-26.206 0-36.204l36.203-36.204c9.997-9.998 26.207-9.998 36.204 0L192 312.69 432.095 72.596c9.997-9.997 26.207-9.997 36.204 0l36.203 36.204c9.997 9.997 9.997 26.206 0 36.204l-294.4 294.401c-9.998 9.997-26.207 9.997-36.204-.001z\"><\/path><\/svg>\t\t\t\t\t\t<\/span>\n\t\t\t\t\t\t\t\t\t\t<span class=\"elementor-icon-list-text\">O acompanhante deve ser maior de 18 anos;<\/span>\n\t\t\t\t\t\t\t\t\t<\/li>\n\t\t\t\t\t\t\t\t<li class=\"elementor-icon-list-item\">\n\t\t\t\t\t\t\t\t\t\t\t<span class=\"elementor-icon-list-icon\">\n\t\t\t\t\t\t\t<svg aria-hidden=\"true\" class=\"e-font-icon-svg e-fas-check\" viewBox=\"0 0 512 512\" xmlns=\"http:\/\/www.w3.org\/2000\/svg\"><path d=\"M173.898 439.404l-166.4-166.4c-9.997-9.997-9.997-26.206 0-36.204l36.203-36.204c9.997-9.998 26.207-9.998 36.204 0L192 312.69 432.095 72.596c9.997-9.997 26.207-9.997 36.204 0l36.203 36.204c9.997 9.997 9.997 26.206 0 36.204l-294.4 294.401c-9.998 9.997-26.207 9.997-36.204-.001z\"><\/path><\/svg>\t\t\t\t\t\t<\/span>\n\t\t\t\t\t\t\t\t\t\t<span class=\"elementor-icon-list-text\">A troca de acompanhante deve ser feita pela porta principal, nunca pelo Pronto Socorro;<\/span>\n\t\t\t\t\t\t\t\t\t<\/li>\n\t\t\t\t\t\t\t\t<li class=\"elementor-icon-list-item\">\n\t\t\t\t\t\t\t\t\t\t\t<span class=\"elementor-icon-list-icon\">\n\t\t\t\t\t\t\t<svg aria-hidden=\"true\" class=\"e-font-icon-svg e-fas-check\" viewBox=\"0 0 512 512\" xmlns=\"http:\/\/www.w3.org\/2000\/svg\"><path d=\"M173.898 439.404l-166.4-166.4c-9.997-9.997-9.997-26.206 0-36.204l36.203-36.204c9.997-9.998 26.207-9.998 36.204 0L192 312.69 432.095 72.596c9.997-9.997 26.207-9.997 36.204 0l36.203 36.204c9.997 9.997 9.997 26.206 0 36.204l-294.4 294.401c-9.998 9.997-26.207 9.997-36.204-.001z\"><\/path><\/svg>\t\t\t\t\t\t<\/span>\n\t\t\t\t\t\t\t\t\t\t<span class=\"elementor-icon-list-text\">O acompanhante dever\u00e1 fazer companhia e auxiliar o paciente em suas necessidades;<\/span>\n\t\t\t\t\t\t\t\t\t<\/li>\n\t\t\t\t\t\t\t\t<li class=\"elementor-icon-list-item\">\n\t\t\t\t\t\t\t\t\t\t\t<span class=\"elementor-icon-list-icon\">\n\t\t\t\t\t\t\t<svg aria-hidden=\"true\" class=\"e-font-icon-svg e-fas-check\" viewBox=\"0 0 512 512\" xmlns=\"http:\/\/www.w3.org\/2000\/svg\"><path d=\"M173.898 439.404l-166.4-166.4c-9.997-9.997-9.997-26.206 0-36.204l36.203-36.204c9.997-9.998 26.207-9.998 36.204 0L192 312.69 432.095 72.596c9.997-9.997 26.207-9.997 36.204 0l36.203 36.204c9.997 9.997 9.997 26.206 0 36.204l-294.4 294.401c-9.998 9.997-26.207 9.997-36.204-.001z\"><\/path><\/svg>\t\t\t\t\t\t<\/span>\n\t\t\t\t\t\t\t\t\t\t<span class=\"elementor-icon-list-text\">Pessoas com infec\u00e7\u00e3o, gripe ou fumantes n\u00e3o devem ser acompanhantes;<\/span>\n\t\t\t\t\t\t\t\t\t<\/li>\n\t\t\t\t\t\t\t\t<li class=\"elementor-icon-list-item\">\n\t\t\t\t\t\t\t\t\t\t\t<span class=\"elementor-icon-list-icon\">\n\t\t\t\t\t\t\t<svg aria-hidden=\"true\" class=\"e-font-icon-svg e-fas-check\" viewBox=\"0 0 512 512\" xmlns=\"http:\/\/www.w3.org\/2000\/svg\"><path d=\"M173.898 439.404l-166.4-166.4c-9.997-9.997-9.997-26.206 0-36.204l36.203-36.204c9.997-9.998 26.207-9.998 36.204 0L192 312.69 432.095 72.596c9.997-9.997 26.207-9.997 36.204 0l36.203 36.204c9.997 9.997 9.997 26.206 0 36.204l-294.4 294.401c-9.998 9.997-26.207 9.997-36.204-.001z\"><\/path><\/svg>\t\t\t\t\t\t<\/span>\n\t\t\t\t\t\t\t\t\t\t<span class=\"elementor-icon-list-text\">N\u00e3o \u00e9 permitido o acesso de crian\u00e7as;<\/span>\n\t\t\t\t\t\t\t\t\t<\/li>\n\t\t\t\t\t\t\t\t<li class=\"elementor-icon-list-item\">\n\t\t\t\t\t\t\t\t\t\t\t<span class=\"elementor-icon-list-icon\">\n\t\t\t\t\t\t\t<svg aria-hidden=\"true\" class=\"e-font-icon-svg e-fas-check\" viewBox=\"0 0 512 512\" xmlns=\"http:\/\/www.w3.org\/2000\/svg\"><path d=\"M173.898 439.404l-166.4-166.4c-9.997-9.997-9.997-26.206 0-36.204l36.203-36.204c9.997-9.998 26.207-9.998 36.204 0L192 312.69 432.095 72.596c9.997-9.997 26.207-9.997 36.204 0l36.203 36.204c9.997 9.997 9.997 26.206 0 36.204l-294.4 294.401c-9.998 9.997-26.207 9.997-36.204-.001z\"><\/path><\/svg>\t\t\t\t\t\t<\/span>\n\t\t\t\t\t\t\t\t\t\t<span class=\"elementor-icon-list-text\">Visite somente seu paciente. Evite circular nos corredores;<\/span>\n\t\t\t\t\t\t\t\t\t<\/li>\n\t\t\t\t\t\t\t\t<li class=\"elementor-icon-list-item\">\n\t\t\t\t\t\t\t\t\t\t\t<span class=\"elementor-icon-list-icon\">\n\t\t\t\t\t\t\t<svg aria-hidden=\"true\" class=\"e-font-icon-svg e-fas-check\" viewBox=\"0 0 512 512\" xmlns=\"http:\/\/www.w3.org\/2000\/svg\"><path d=\"M173.898 439.404l-166.4-166.4c-9.997-9.997-9.997-26.206 0-36.204l36.203-36.204c9.997-9.998 26.207-9.998 36.204 0L192 312.69 432.095 72.596c9.997-9.997 26.207-9.997 36.204 0l36.203 36.204c9.997 9.997 9.997 26.206 0 36.204l-294.4 294.401c-9.998 9.997-26.207 9.997-36.204-.001z\"><\/path><\/svg>\t\t\t\t\t\t<\/span>\n\t\t\t\t\t\t\t\t\t\t<span class=\"elementor-icon-list-text\">Para evitar infec\u00e7\u00e3o n\u00e3o \u00e9 permitido visitas entre pacientes internados. Sentar na cama do paciente, comer a dieta do paciente, trazer cobertor, travesseiro e roupa de cama de casa.<\/span>\n\t\t\t\t\t\t\t\t\t<\/li>\n\t\t\t\t\t\t\t\t<li class=\"elementor-icon-list-item\">\n\t\t\t\t\t\t\t\t\t\t\t<span class=\"elementor-icon-list-icon\">\n\t\t\t\t\t\t\t<svg aria-hidden=\"true\" class=\"e-font-icon-svg e-fas-check\" viewBox=\"0 0 512 512\" xmlns=\"http:\/\/www.w3.org\/2000\/svg\"><path d=\"M173.898 439.404l-166.4-166.4c-9.997-9.997-9.997-26.206 0-36.204l36.203-36.204c9.997-9.998 26.207-9.998 36.204 0L192 312.69 432.095 72.596c9.997-9.997 26.207-9.997 36.204 0l36.203 36.204c9.997 9.997 9.997 26.206 0 36.204l-294.4 294.401c-9.998 9.997-26.207 9.997-36.204-.001z\"><\/path><\/svg>\t\t\t\t\t\t<\/span>\n\t\t\t\t\t\t\t\t\t\t<span class=\"elementor-icon-list-text\">N\u00e3o \u00e9 permitido o uso de roupas com decotes acentuados, mini saia, short curto e roupas transparentes. <\/span>\n\t\t\t\t\t\t\t\t\t<\/li>\n\t\t\t\t\t\t<\/ul>\n\t\t\t\t\t\t<\/div>\n\t\t\t\t\t<\/div>\n\t\t\t\t<\/div>\n\t\t<div class=\"elementor-element elementor-element-43fb25e e-flex e-con-boxed wpr-particle-no wpr-jarallax-no wpr-parallax-no wpr-sticky-section-no e-con e-parent\" data-id=\"43fb25e\" data-element_type=\"container\">\n\t\t\t\t\t<div class=\"e-con-inner\">\n\t\t\t\t<div class=\"elementor-element elementor-element-88fe86b elementor-widget elementor-widget-spacer\" data-id=\"88fe86b\" data-element_type=\"widget\" data-widget_type=\"spacer.default\">\n\t\t\t\t\t\t\t<div class=\"elementor-spacer\">\n\t\t\t<div class=\"elementor-spacer-inner\"><\/div>\n\t\t<\/div>\n\t\t\t\t\t\t<\/div>\n\t\t\t\t<div class=\"elementor-element elementor-element-6a303d2 elementor-widget elementor-widget-heading\" data-id=\"6a303d2\" data-element_type=\"widget\" data-widget_type=\"heading.default\">\n\t\t\t\t\t<h1 class=\"elementor-heading-title elementor-size-default\">Alimenta\u00e7\u00e3o hospitalar<\/h1>\t\t\t\t<\/div>\n\t\t\t\t<div class=\"elementor-element elementor-element-85aade0 elementor-widget elementor-widget-spacer\" data-id=\"85aade0\" data-element_type=\"widget\" data-widget_type=\"spacer.default\">\n\t\t\t\t\t\t\t<div class=\"elementor-spacer\">\n\t\t\t<div class=\"elementor-spacer-inner\"><\/div>\n\t\t<\/div>\n\t\t\t\t\t\t<\/div>\n\t\t\t\t\t<\/div>\n\t\t\t\t<\/div>\n\t\t<div class=\"elementor-element elementor-element-ef46548 e-flex e-con-boxed wpr-particle-no wpr-jarallax-no wpr-parallax-no wpr-sticky-section-no e-con e-parent\" data-id=\"ef46548\" data-element_type=\"container\">\n\t\t\t\t\t<div class=\"e-con-inner\">\n\t\t\t\t<div class=\"elementor-element elementor-element-8f4ba6b elementor-align-left elementor-icon-list--layout-traditional elementor-list-item-link-full_width elementor-widget elementor-widget-icon-list\" data-id=\"8f4ba6b\" data-element_type=\"widget\" data-widget_type=\"icon-list.default\">\n\t\t\t\t\t\t\t<ul class=\"elementor-icon-list-items\">\n\t\t\t\t\t\t\t<li class=\"elementor-icon-list-item\">\n\t\t\t\t\t\t\t\t\t\t\t<span class=\"elementor-icon-list-icon\">\n\t\t\t\t\t\t\t<svg aria-hidden=\"true\" class=\"e-font-icon-svg e-fas-check\" viewBox=\"0 0 512 512\" xmlns=\"http:\/\/www.w3.org\/2000\/svg\"><path d=\"M173.898 439.404l-166.4-166.4c-9.997-9.997-9.997-26.206 0-36.204l36.203-36.204c9.997-9.998 26.207-9.998 36.204 0L192 312.69 432.095 72.596c9.997-9.997 26.207-9.997 36.204 0l36.203 36.204c9.997 9.997 9.997 26.206 0 36.204l-294.4 294.401c-9.998 9.997-26.207 9.997-36.204-.001z\"><\/path><\/svg>\t\t\t\t\t\t<\/span>\n\t\t\t\t\t\t\t\t\t\t<span class=\"elementor-icon-list-text\">\u00c9 proibida a entrada de alimentos que podem prejudicar a dieta do paciente. N\u00e3o \u00e9 permitido trazer alimentos de casa porque sua manipula\u00e7\u00e3o, n\u00e3o obedece aos crit\u00e9rios de higieniza\u00e7\u00e3o, temperatura, embalagem e transporte.<\/span>\n\t\t\t\t\t\t\t\t\t<\/li>\n\t\t\t\t\t\t\t\t<li class=\"elementor-icon-list-item\">\n\t\t\t\t\t\t\t\t\t\t\t<span class=\"elementor-icon-list-icon\">\n\t\t\t\t\t\t\t<svg aria-hidden=\"true\" class=\"e-font-icon-svg e-fas-check\" viewBox=\"0 0 512 512\" xmlns=\"http:\/\/www.w3.org\/2000\/svg\"><path d=\"M173.898 439.404l-166.4-166.4c-9.997-9.997-9.997-26.206 0-36.204l36.203-36.204c9.997-9.998 26.207-9.998 36.204 0L192 312.69 432.095 72.596c9.997-9.997 26.207-9.997 36.204 0l36.203 36.204c9.997 9.997 9.997 26.206 0 36.204l-294.4 294.401c-9.998 9.997-26.207 9.997-36.204-.001z\"><\/path><\/svg>\t\t\t\t\t\t<\/span>\n\t\t\t\t\t\t\t\t\t\t<span class=\"elementor-icon-list-text\">\u00c9 importante o cumprimento dessa regra para garantir ao paciente uma alimenta\u00e7\u00e3o conforme a prescri\u00e7\u00e3o do m\u00e9dico ou do nutricionista, que visa mais breve recupera\u00e7\u00e3o do mesmo.<\/span>\n\t\t\t\t\t\t\t\t\t<\/li>\n\t\t\t\t\t\t\t\t<li class=\"elementor-icon-list-item\">\n\t\t\t\t\t\t\t\t\t\t\t<span class=\"elementor-icon-list-icon\">\n\t\t\t\t\t\t\t<svg aria-hidden=\"true\" class=\"e-font-icon-svg e-fas-check\" viewBox=\"0 0 512 512\" xmlns=\"http:\/\/www.w3.org\/2000\/svg\"><path d=\"M173.898 439.404l-166.4-166.4c-9.997-9.997-9.997-26.206 0-36.204l36.203-36.204c9.997-9.998 26.207-9.998 36.204 0L192 312.69 432.095 72.596c9.997-9.997 26.207-9.997 36.204 0l36.203 36.204c9.997 9.997 9.997 26.206 0 36.204l-294.4 294.401c-9.998 9.997-26.207 9.997-36.204-.001z\"><\/path><\/svg>\t\t\t\t\t\t<\/span>\n\t\t\t\t\t\t\t\t\t\t<span class=\"elementor-icon-list-text\">H\u00e1 exce\u00e7\u00e3o para alimentos que n\u00e3o prejudiquem a dieta do paciente, como: frutas, que devem estar inteiras. Estas precisam ser entregues ao setor de nutri\u00e7\u00e3o para serem higienizadas adequadamente e depois serem servidas.<\/span>\n\t\t\t\t\t\t\t\t\t<\/li>\n\t\t\t\t\t\t\t\t<li class=\"elementor-icon-list-item\">\n\t\t\t\t\t\t\t\t\t\t\t<span class=\"elementor-icon-list-icon\">\n\t\t\t\t\t\t\t<svg aria-hidden=\"true\" class=\"e-font-icon-svg e-fas-check\" viewBox=\"0 0 512 512\" xmlns=\"http:\/\/www.w3.org\/2000\/svg\"><path d=\"M173.898 439.404l-166.4-166.4c-9.997-9.997-9.997-26.206 0-36.204l36.203-36.204c9.997-9.998 26.207-9.998 36.204 0L192 312.69 432.095 72.596c9.997-9.997 26.207-9.997 36.204 0l36.203 36.204c9.997 9.997 9.997 26.206 0 36.204l-294.4 294.401c-9.998 9.997-26.207 9.997-36.204-.001z\"><\/path><\/svg>\t\t\t\t\t\t<\/span>\n\t\t\t\t\t\t\t\t\t\t<span class=\"elementor-icon-list-text\">Vale lembrar tamb\u00e9m que \u00e9 proibida a entrada de alimentos para acompanhantes.<\/span>\n\t\t\t\t\t\t\t\t\t<\/li>\n\t\t\t\t\t\t<\/ul>\n\t\t\t\t\t\t<\/div>\n\t\t\t\t\t<\/div>\n\t\t\t\t<\/div>\n\t\t\t\t<\/div>\n\t\t\n    <div class=\"xs_social_share_widget xs_share_url after_content \t\tmain_content  wslu-style-1 wslu-share-box-shaped wslu-fill-colored wslu-none wslu-share-horizontal wslu-theme-font-no wslu-main_content\">\n\n\t\t\n        <ul>\n\t\t\t        <\/ul>\n    <\/div> \n","protected":false},"excerpt":{"rendered":"<p>Orienta\u00e7\u00f5es para visitantes e acompanhantes A presen\u00e7a da fam\u00edlia e dos amigos \u00e9 fundamental para<\/p>\n","protected":false},"author":1,"featured_media":0,"parent":0,"menu_order":0,"comment_status":"closed","ping_status":"closed","template":"","meta":{"footnotes":""},"class_list":["post-50","page","type-page","status-publish","hentry"],"yoast_head":"<!-- This site is optimized with the Yoast SEO plugin v26.3 - https:\/\/yoast.com\/wordpress\/plugins\/seo\/ -->\n<title>Instru\u00e7\u00f5es para visitantes - Hospital Nossa Senhora do Ros\u00e1rio - Resende Costa<\/title>\n<meta name=\"robots\" content=\"index, follow, max-snippet:-1, max-image-preview:large, max-video-preview:-1\" \/>\n<link rel=\"canonical\" href=\"https:\/\/visiteprados.com.br\/hospital\/instrucoes-para-visitantes\/\" \/>\n<meta property=\"og:locale\" content=\"pt_BR\" \/>\n<meta property=\"og:type\" content=\"article\" \/>\n<meta property=\"og:title\" content=\"Instru\u00e7\u00f5es para visitantes - Hospital Nossa Senhora do Ros\u00e1rio - Resende Costa\" \/>\n<meta property=\"og:description\" content=\"Orienta\u00e7\u00f5es para visitantes e acompanhantes A presen\u00e7a da fam\u00edlia e dos amigos \u00e9 fundamental para\" \/>\n<meta property=\"og:url\" content=\"https:\/\/visiteprados.com.br\/hospital\/instrucoes-para-visitantes\/\" \/>\n<meta property=\"og:site_name\" content=\"Hospital Nossa Senhora do Ros\u00e1rio - Resende Costa\" \/>\n<meta property=\"article:publisher\" content=\"https:\/\/www.instagram.com\/hospital_rc\/\" \/>\n<meta property=\"article:modified_time\" content=\"2026-03-31T18:23:16+00:00\" \/>\n<meta property=\"og:image\" content=\"https:\/\/visiteprados.com.br\/hospital\/wp-content\/uploads\/2026\/03\/WhatsApp-Image-2026-03-25-at-17.53.46.webp\" \/>\n\t<meta property=\"og:image:width\" content=\"1600\" \/>\n\t<meta property=\"og:image:height\" content=\"899\" \/>\n\t<meta property=\"og:image:type\" content=\"image\/jpeg\" \/>\n<meta name=\"twitter:card\" content=\"summary_large_image\" \/>\n<meta name=\"twitter:label1\" content=\"Est. tempo de leitura\" \/>\n\t<meta name=\"twitter:data1\" content=\"2 minutos\" \/>\n<script type=\"application\/ld+json\" class=\"yoast-schema-graph\">{\"@context\":\"https:\/\/schema.org\",\"@graph\":[{\"@type\":\"WebPage\",\"@id\":\"https:\/\/visiteprados.com.br\/hospital\/instrucoes-para-visitantes\/\",\"url\":\"https:\/\/visiteprados.com.br\/hospital\/instrucoes-para-visitantes\/\",\"name\":\"Instru\u00e7\u00f5es para visitantes - Hospital Nossa Senhora do Ros\u00e1rio - Resende Costa\",\"isPartOf\":{\"@id\":\"https:\/\/visiteprados.com.br\/hospital\/#website\"},\"primaryImageOfPage\":{\"@id\":\"https:\/\/visiteprados.com.br\/hospital\/instrucoes-para-visitantes\/#primaryimage\"},\"image\":{\"@id\":\"https:\/\/visiteprados.com.br\/hospital\/instrucoes-para-visitantes\/#primaryimage\"},\"thumbnailUrl\":\"https:\/\/visiteprados.com.br\/hospital\/wp-content\/uploads\/2026\/03\/WhatsApp-Image-2026-03-25-at-17.53.46.webp\",\"datePublished\":\"2025-11-13T18:57:11+00:00\",\"dateModified\":\"2026-03-31T18:23:16+00:00\",\"breadcrumb\":{\"@id\":\"https:\/\/visiteprados.com.br\/hospital\/instrucoes-para-visitantes\/#breadcrumb\"},\"inLanguage\":\"pt-BR\",\"potentialAction\":[{\"@type\":\"ReadAction\",\"target\":[\"https:\/\/visiteprados.com.br\/hospital\/instrucoes-para-visitantes\/\"]}]},{\"@type\":\"ImageObject\",\"inLanguage\":\"pt-BR\",\"@id\":\"https:\/\/visiteprados.com.br\/hospital\/instrucoes-para-visitantes\/#primaryimage\",\"url\":\"https:\/\/visiteprados.com.br\/hospital\/wp-content\/uploads\/2026\/03\/WhatsApp-Image-2026-03-25-at-17.53.46.webp\",\"contentUrl\":\"https:\/\/visiteprados.com.br\/hospital\/wp-content\/uploads\/2026\/03\/WhatsApp-Image-2026-03-25-at-17.53.46.webp\",\"width\":1600,\"height\":899},{\"@type\":\"BreadcrumbList\",\"@id\":\"https:\/\/visiteprados.com.br\/hospital\/instrucoes-para-visitantes\/#breadcrumb\",\"itemListElement\":[{\"@type\":\"ListItem\",\"position\":1,\"name\":\"In\u00edcio\",\"item\":\"https:\/\/visiteprados.com.br\/hospital\/\"},{\"@type\":\"ListItem\",\"position\":2,\"name\":\"Instru\u00e7\u00f5es para visitantes\"}]},{\"@type\":\"WebSite\",\"@id\":\"https:\/\/visiteprados.com.br\/hospital\/#website\",\"url\":\"https:\/\/visiteprados.com.br\/hospital\/\",\"name\":\"Hospital Nossa Senhora do Ros\u00e1rio - Resende Costa\",\"description\":\"\",\"publisher\":{\"@id\":\"https:\/\/visiteprados.com.br\/hospital\/#organization\"},\"potentialAction\":[{\"@type\":\"SearchAction\",\"target\":{\"@type\":\"EntryPoint\",\"urlTemplate\":\"https:\/\/visiteprados.com.br\/hospital\/?s={search_term_string}\"},\"query-input\":{\"@type\":\"PropertyValueSpecification\",\"valueRequired\":true,\"valueName\":\"search_term_string\"}}],\"inLanguage\":\"pt-BR\"},{\"@type\":\"Organization\",\"@id\":\"https:\/\/visiteprados.com.br\/hospital\/#organization\",\"name\":\"Hospital Nossa Senhora do Ros\u00e1rio - Resende Costa\",\"url\":\"https:\/\/visiteprados.com.br\/hospital\/\",\"logo\":{\"@type\":\"ImageObject\",\"inLanguage\":\"pt-BR\",\"@id\":\"https:\/\/visiteprados.com.br\/hospital\/#\/schema\/logo\/image\/\",\"url\":\"https:\/\/visiteprados.com.br\/hospital\/wp-content\/uploads\/2025\/11\/Frame-2.png\",\"contentUrl\":\"https:\/\/visiteprados.com.br\/hospital\/wp-content\/uploads\/2025\/11\/Frame-2.png\",\"width\":357,\"height\":123,\"caption\":\"Hospital Nossa Senhora do Ros\u00e1rio - Resende Costa\"},\"image\":{\"@id\":\"https:\/\/visiteprados.com.br\/hospital\/#\/schema\/logo\/image\/\"},\"sameAs\":[\"https:\/\/www.instagram.com\/hospital_rc\/\"]}]}<\/script>\n<!-- \/ Yoast SEO plugin. -->","yoast_head_json":{"title":"Instru\u00e7\u00f5es para visitantes - Hospital Nossa Senhora do Ros\u00e1rio - Resende Costa","robots":{"index":"index","follow":"follow","max-snippet":"max-snippet:-1","max-image-preview":"max-image-preview:large","max-video-preview":"max-video-preview:-1"},"canonical":"https:\/\/visiteprados.com.br\/hospital\/instrucoes-para-visitantes\/","og_locale":"pt_BR","og_type":"article","og_title":"Instru\u00e7\u00f5es para visitantes - Hospital Nossa Senhora do Ros\u00e1rio - Resende Costa","og_description":"Orienta\u00e7\u00f5es para visitantes e acompanhantes A presen\u00e7a da fam\u00edlia e dos amigos \u00e9 fundamental para","og_url":"https:\/\/visiteprados.com.br\/hospital\/instrucoes-para-visitantes\/","og_site_name":"Hospital Nossa Senhora do Ros\u00e1rio - Resende Costa","article_publisher":"https:\/\/www.instagram.com\/hospital_rc\/","article_modified_time":"2026-03-31T18:23:16+00:00","og_image":[{"width":1600,"height":899,"url":"https:\/\/visiteprados.com.br\/hospital\/wp-content\/uploads\/2026\/03\/WhatsApp-Image-2026-03-25-at-17.53.46.webp","type":"image\/jpeg"}],"twitter_card":"summary_large_image","twitter_misc":{"Est. tempo de leitura":"2 minutos"},"schema":{"@context":"https:\/\/schema.org","@graph":[{"@type":"WebPage","@id":"https:\/\/visiteprados.com.br\/hospital\/instrucoes-para-visitantes\/","url":"https:\/\/visiteprados.com.br\/hospital\/instrucoes-para-visitantes\/","name":"Instru\u00e7\u00f5es para visitantes - Hospital Nossa Senhora do Ros\u00e1rio - Resende Costa","isPartOf":{"@id":"https:\/\/visiteprados.com.br\/hospital\/#website"},"primaryImageOfPage":{"@id":"https:\/\/visiteprados.com.br\/hospital\/instrucoes-para-visitantes\/#primaryimage"},"image":{"@id":"https:\/\/visiteprados.com.br\/hospital\/instrucoes-para-visitantes\/#primaryimage"},"thumbnailUrl":"https:\/\/visiteprados.com.br\/hospital\/wp-content\/uploads\/2026\/03\/WhatsApp-Image-2026-03-25-at-17.53.46.webp","datePublished":"2025-11-13T18:57:11+00:00","dateModified":"2026-03-31T18:23:16+00:00","breadcrumb":{"@id":"https:\/\/visiteprados.com.br\/hospital\/instrucoes-para-visitantes\/#breadcrumb"},"inLanguage":"pt-BR","potentialAction":[{"@type":"ReadAction","target":["https:\/\/visiteprados.com.br\/hospital\/instrucoes-para-visitantes\/"]}]},{"@type":"ImageObject","inLanguage":"pt-BR","@id":"https:\/\/visiteprados.com.br\/hospital\/instrucoes-para-visitantes\/#primaryimage","url":"https:\/\/visiteprados.com.br\/hospital\/wp-content\/uploads\/2026\/03\/WhatsApp-Image-2026-03-25-at-17.53.46.webp","contentUrl":"https:\/\/visiteprados.com.br\/hospital\/wp-content\/uploads\/2026\/03\/WhatsApp-Image-2026-03-25-at-17.53.46.webp","width":1600,"height":899},{"@type":"BreadcrumbList","@id":"https:\/\/visiteprados.com.br\/hospital\/instrucoes-para-visitantes\/#breadcrumb","itemListElement":[{"@type":"ListItem","position":1,"name":"In\u00edcio","item":"https:\/\/visiteprados.com.br\/hospital\/"},{"@type":"ListItem","position":2,"name":"Instru\u00e7\u00f5es para visitantes"}]},{"@type":"WebSite","@id":"https:\/\/visiteprados.com.br\/hospital\/#website","url":"https:\/\/visiteprados.com.br\/hospital\/","name":"Hospital Nossa Senhora do Ros\u00e1rio - Resende Costa","description":"","publisher":{"@id":"https:\/\/visiteprados.com.br\/hospital\/#organization"},"potentialAction":[{"@type":"SearchAction","target":{"@type":"EntryPoint","urlTemplate":"https:\/\/visiteprados.com.br\/hospital\/?s={search_term_string}"},"query-input":{"@type":"PropertyValueSpecification","valueRequired":true,"valueName":"search_term_string"}}],"inLanguage":"pt-BR"},{"@type":"Organization","@id":"https:\/\/visiteprados.com.br\/hospital\/#organization","name":"Hospital Nossa Senhora do Ros\u00e1rio - Resende Costa","url":"https:\/\/visiteprados.com.br\/hospital\/","logo":{"@type":"ImageObject","inLanguage":"pt-BR","@id":"https:\/\/visiteprados.com.br\/hospital\/#\/schema\/logo\/image\/","url":"https:\/\/visiteprados.com.br\/hospital\/wp-content\/uploads\/2025\/11\/Frame-2.png","contentUrl":"https:\/\/visiteprados.com.br\/hospital\/wp-content\/uploads\/2025\/11\/Frame-2.png","width":357,"height":123,"caption":"Hospital Nossa Senhora do Ros\u00e1rio - Resende Costa"},"image":{"@id":"https:\/\/visiteprados.com.br\/hospital\/#\/schema\/logo\/image\/"},"sameAs":["https:\/\/www.instagram.com\/hospital_rc\/"]}]}},"_links":{"self":[{"href":"https:\/\/visiteprados.com.br\/hospital\/wp-json\/wp\/v2\/pages\/50","targetHints":{"allow":["GET"]}}],"collection":[{"href":"https:\/\/visiteprados.com.br\/hospital\/wp-json\/wp\/v2\/pages"}],"about":[{"href":"https:\/\/visiteprados.com.br\/hospital\/wp-json\/wp\/v2\/types\/page"}],"author":[{"embeddable":true,"href":"https:\/\/visiteprados.com.br\/hospital\/wp-json\/wp\/v2\/users\/1"}],"replies":[{"embeddable":true,"href":"https:\/\/visiteprados.com.br\/hospital\/wp-json\/wp\/v2\/comments?post=50"}],"version-history":[{"count":0,"href":"https:\/\/visiteprados.com.br\/hospital\/wp-json\/wp\/v2\/pages\/50\/revisions"}],"wp:attachment":[{"href":"https:\/\/visiteprados.com.br\/hospital\/wp-json\/wp\/v2\/media?parent=50"}],"curies":[{"name":"wp","href":"https:\/\/api.w.org\/{rel}","templated":true}]}}