{"id":232,"date":"2026-03-31T15:30:36","date_gmt":"2026-03-31T18:30:36","guid":{"rendered":"https:\/\/visiteprados.com.br\/hospital\/?page_id=232"},"modified":"2026-03-31T15:37:21","modified_gmt":"2026-03-31T18:37:21","slug":"doacoes","status":"publish","type":"page","link":"https:\/\/visiteprados.com.br\/hospital\/doacoes\/","title":{"rendered":"Doa\u00e7\u00f5es"},"content":{"rendered":"\t\t<div data-elementor-type=\"wp-page\" data-elementor-id=\"232\" class=\"elementor elementor-232\">\n\t\t\t\t<div class=\"elementor-element elementor-element-5228060 e-flex e-con-boxed wpr-particle-no wpr-jarallax-no wpr-parallax-no wpr-sticky-section-no e-con e-parent\" data-id=\"5228060\" data-element_type=\"container\">\n\t\t\t\t\t<div class=\"e-con-inner\">\n\t\t\t\t<div class=\"elementor-element elementor-element-797732e elementor-widget elementor-widget-heading\" data-id=\"797732e\" data-element_type=\"widget\" data-widget_type=\"heading.default\">\n\t\t\t\t\t<h2 class=\"elementor-heading-title elementor-size-default\">Doa\u00e7\u00f5es<\/h2>\t\t\t\t<\/div>\n\t\t<div class=\"elementor-element elementor-element-01cce03 e-grid e-con-full wpr-particle-no wpr-jarallax-no wpr-parallax-no wpr-sticky-section-no e-con e-child\" data-id=\"01cce03\" data-element_type=\"container\">\n\t\t\t\t<div class=\"elementor-element elementor-element-108d538 elementor-view-default elementor-position-top elementor-mobile-position-top elementor-widget elementor-widget-icon-box\" data-id=\"108d538\" data-element_type=\"widget\" data-widget_type=\"icon-box.default\">\n\t\t\t\t\t\t\t<div class=\"elementor-icon-box-wrapper\">\n\n\t\t\t\t\t\t<div class=\"elementor-icon-box-icon\">\n\t\t\t\t<span  class=\"elementor-icon\">\n\t\t\t\t<svg aria-hidden=\"true\" class=\"e-font-icon-svg e-fas-hospital\" viewBox=\"0 0 448 512\" xmlns=\"http:\/\/www.w3.org\/2000\/svg\"><path d=\"M448 492v20H0v-20c0-6.627 5.373-12 12-12h20V120c0-13.255 10.745-24 24-24h88V24c0-13.255 10.745-24 24-24h112c13.255 0 24 10.745 24 24v72h88c13.255 0 24 10.745 24 24v360h20c6.627 0 12 5.373 12 12zM308 192h-40c-6.627 0-12 5.373-12 12v40c0 6.627 5.373 12 12 12h40c6.627 0 12-5.373 12-12v-40c0-6.627-5.373-12-12-12zm-168 64h40c6.627 0 12-5.373 12-12v-40c0-6.627-5.373-12-12-12h-40c-6.627 0-12 5.373-12 12v40c0 6.627 5.373 12 12 12zm104 128h-40c-6.627 0-12 5.373-12 12v84h64v-84c0-6.627-5.373-12-12-12zm64-96h-40c-6.627 0-12 5.373-12 12v40c0 6.627 5.373 12 12 12h40c6.627 0 12-5.373 12-12v-40c0-6.627-5.373-12-12-12zm-116 12c0-6.627-5.373-12-12-12h-40c-6.627 0-12 5.373-12 12v40c0 6.627 5.373 12 12 12h40c6.627 0 12-5.373 12-12v-40zM182 96h26v26a6 6 0 0 0 6 6h20a6 6 0 0 0 6-6V96h26a6 6 0 0 0 6-6V70a6 6 0 0 0-6-6h-26V38a6 6 0 0 0-6-6h-20a6 6 0 0 0-6 6v26h-26a6 6 0 0 0-6 6v20a6 6 0 0 0 6 6z\"><\/path><\/svg>\t\t\t\t<\/span>\n\t\t\t<\/div>\n\t\t\t\n\t\t\t\t\t\t<div class=\"elementor-icon-box-content\">\n\n\t\t\t\t\t\t\t\t\t<h3 class=\"elementor-icon-box-title\">\n\t\t\t\t\t\t<span  >\n\t\t\t\t\t\t\tASSOCIACAO FILHAS DE SAO CAMILO  (Hospital)\t\t\t\t\t\t<\/span>\n\t\t\t\t\t<\/h3>\n\t\t\t\t\n\t\t\t\t\t\t\t\t\t<p class=\"elementor-icon-box-description\">\n\t\t\t\t\t\tChave pix: hospitalresendecosta@gmail.com\nInstitui\u00e7\u00e3o: CC CREDIVERTENTES\t\t\t\t\t<\/p>\n\t\t\t\t\n\t\t\t<\/div>\n\t\t\t\n\t\t<\/div>\n\t\t\t\t\t\t<\/div>\n\t\t\t\t<div class=\"elementor-element elementor-element-12efb56 elementor-view-default elementor-position-top elementor-mobile-position-top elementor-widget elementor-widget-icon-box\" data-id=\"12efb56\" data-element_type=\"widget\" data-widget_type=\"icon-box.default\">\n\t\t\t\t\t\t\t<div class=\"elementor-icon-box-wrapper\">\n\n\t\t\t\t\t\t<div class=\"elementor-icon-box-icon\">\n\t\t\t\t<span  class=\"elementor-icon\">\n\t\t\t\t<svg aria-hidden=\"true\" class=\"e-font-icon-svg e-fas-hand-holding-heart\" viewBox=\"0 0 576 512\" xmlns=\"http:\/\/www.w3.org\/2000\/svg\"><path d=\"M275.3 250.5c7 7.4 18.4 7.4 25.5 0l108.9-114.2c31.6-33.2 29.8-88.2-5.6-118.8-30.8-26.7-76.7-21.9-104.9 7.7L288 36.9l-11.1-11.6C248.7-4.4 202.8-9.2 172 17.5c-35.3 30.6-37.2 85.6-5.6 118.8l108.9 114.2zm290 77.6c-11.8-10.7-30.2-10-42.6 0L430.3 402c-11.3 9.1-25.4 14-40 14H272c-8.8 0-16-7.2-16-16s7.2-16 16-16h78.3c15.9 0 30.7-10.9 33.3-26.6 3.3-20-12.1-37.4-31.6-37.4H192c-27 0-53.1 9.3-74.1 26.3L71.4 384H16c-8.8 0-16 7.2-16 16v96c0 8.8 7.2 16 16 16h356.8c14.5 0 28.6-4.9 40-14L564 377c15.2-12.1 16.4-35.3 1.3-48.9z\"><\/path><\/svg>\t\t\t\t<\/span>\n\t\t\t<\/div>\n\t\t\t\n\t\t\t\t\t\t<div class=\"elementor-icon-box-content\">\n\n\t\t\t\t\t\t\t\t\t<h3 class=\"elementor-icon-box-title\">\n\t\t\t\t\t\t<span  >\n\t\t\t\t\t\t\tASSOCIACAO FILHAS DE SAO CAMILO ( Lar)\t\t\t\t\t\t<\/span>\n\t\t\t\t\t<\/h3>\n\t\t\t\t\n\t\t\t\t\t\t\t\t\t<p class=\"elementor-icon-box-description\">\n\t\t\t\t\t\tChave: 61.986.402\/0016-88\nInstitui\u00e7\u00e3o: CC CREDIVERTENTES\t\t\t\t\t<\/p>\n\t\t\t\t\n\t\t\t<\/div>\n\t\t\t\n\t\t<\/div>\n\t\t\t\t\t\t<\/div>\n\t\t\t\t<\/div>\n\t\t\t\t\t<\/div>\n\t\t\t\t<\/div>\n\t\t\t\t<\/div>\n\t\t\n    <div class=\"xs_social_share_widget xs_share_url after_content \t\tmain_content  wslu-style-1 wslu-share-box-shaped wslu-fill-colored wslu-none wslu-share-horizontal wslu-theme-font-no wslu-main_content\">\n\n\t\t\n        <ul>\n\t\t\t        <\/ul>\n    <\/div> \n","protected":false},"excerpt":{"rendered":"<p>Doa\u00e7\u00f5es ASSOCIACAO FILHAS DE SAO CAMILO (Hospital) Chave pix: hospitalresendecosta@gmail.com Institui\u00e7\u00e3o: CC CREDIVERTENTES ASSOCIACAO FILHAS<\/p>\n","protected":false},"author":1,"featured_media":0,"parent":0,"menu_order":0,"comment_status":"closed","ping_status":"closed","template":"","meta":{"footnotes":""},"class_list":["post-232","page","type-page","status-publish","hentry"],"yoast_head":"<!-- This site is optimized with the Yoast SEO plugin v26.3 - https:\/\/yoast.com\/wordpress\/plugins\/seo\/ -->\n<title>Doa\u00e7\u00f5es - Hospital Nossa Senhora do Ros\u00e1rio - Resende Costa<\/title>\n<meta name=\"robots\" content=\"index, follow, max-snippet:-1, max-image-preview:large, max-video-preview:-1\" \/>\n<link rel=\"canonical\" href=\"https:\/\/visiteprados.com.br\/hospital\/doacoes\/\" \/>\n<meta property=\"og:locale\" content=\"pt_BR\" \/>\n<meta property=\"og:type\" content=\"article\" \/>\n<meta property=\"og:title\" content=\"Doa\u00e7\u00f5es - Hospital Nossa Senhora do Ros\u00e1rio - Resende Costa\" \/>\n<meta property=\"og:description\" content=\"Doa\u00e7\u00f5es ASSOCIACAO FILHAS DE SAO CAMILO (Hospital) Chave pix: hospitalresendecosta@gmail.com Institui\u00e7\u00e3o: CC CREDIVERTENTES ASSOCIACAO FILHAS\" \/>\n<meta property=\"og:url\" content=\"https:\/\/visiteprados.com.br\/hospital\/doacoes\/\" \/>\n<meta property=\"og:site_name\" content=\"Hospital Nossa Senhora do Ros\u00e1rio - Resende Costa\" \/>\n<meta property=\"article:publisher\" content=\"https:\/\/www.instagram.com\/hospital_rc\/\" \/>\n<meta property=\"article:modified_time\" content=\"2026-03-31T18:37:21+00:00\" \/>\n<meta name=\"twitter:card\" content=\"summary_large_image\" \/>\n<meta name=\"twitter:label1\" content=\"Est. tempo de leitura\" \/>\n\t<meta name=\"twitter:data1\" content=\"1 minuto\" \/>\n<script type=\"application\/ld+json\" class=\"yoast-schema-graph\">{\"@context\":\"https:\/\/schema.org\",\"@graph\":[{\"@type\":\"WebPage\",\"@id\":\"https:\/\/visiteprados.com.br\/hospital\/doacoes\/\",\"url\":\"https:\/\/visiteprados.com.br\/hospital\/doacoes\/\",\"name\":\"Doa\u00e7\u00f5es - Hospital Nossa Senhora do Ros\u00e1rio - Resende Costa\",\"isPartOf\":{\"@id\":\"https:\/\/visiteprados.com.br\/hospital\/#website\"},\"datePublished\":\"2026-03-31T18:30:36+00:00\",\"dateModified\":\"2026-03-31T18:37:21+00:00\",\"breadcrumb\":{\"@id\":\"https:\/\/visiteprados.com.br\/hospital\/doacoes\/#breadcrumb\"},\"inLanguage\":\"pt-BR\",\"potentialAction\":[{\"@type\":\"ReadAction\",\"target\":[\"https:\/\/visiteprados.com.br\/hospital\/doacoes\/\"]}]},{\"@type\":\"BreadcrumbList\",\"@id\":\"https:\/\/visiteprados.com.br\/hospital\/doacoes\/#breadcrumb\",\"itemListElement\":[{\"@type\":\"ListItem\",\"position\":1,\"name\":\"In\u00edcio\",\"item\":\"https:\/\/visiteprados.com.br\/hospital\/\"},{\"@type\":\"ListItem\",\"position\":2,\"name\":\"Doa\u00e7\u00f5es\"}]},{\"@type\":\"WebSite\",\"@id\":\"https:\/\/visiteprados.com.br\/hospital\/#website\",\"url\":\"https:\/\/visiteprados.com.br\/hospital\/\",\"name\":\"Hospital Nossa Senhora do Ros\u00e1rio - Resende Costa\",\"description\":\"\",\"publisher\":{\"@id\":\"https:\/\/visiteprados.com.br\/hospital\/#organization\"},\"potentialAction\":[{\"@type\":\"SearchAction\",\"target\":{\"@type\":\"EntryPoint\",\"urlTemplate\":\"https:\/\/visiteprados.com.br\/hospital\/?s={search_term_string}\"},\"query-input\":{\"@type\":\"PropertyValueSpecification\",\"valueRequired\":true,\"valueName\":\"search_term_string\"}}],\"inLanguage\":\"pt-BR\"},{\"@type\":\"Organization\",\"@id\":\"https:\/\/visiteprados.com.br\/hospital\/#organization\",\"name\":\"Hospital Nossa Senhora do Ros\u00e1rio - Resende Costa\",\"url\":\"https:\/\/visiteprados.com.br\/hospital\/\",\"logo\":{\"@type\":\"ImageObject\",\"inLanguage\":\"pt-BR\",\"@id\":\"https:\/\/visiteprados.com.br\/hospital\/#\/schema\/logo\/image\/\",\"url\":\"https:\/\/visiteprados.com.br\/hospital\/wp-content\/uploads\/2025\/11\/Frame-2.png\",\"contentUrl\":\"https:\/\/visiteprados.com.br\/hospital\/wp-content\/uploads\/2025\/11\/Frame-2.png\",\"width\":357,\"height\":123,\"caption\":\"Hospital Nossa Senhora do Ros\u00e1rio - Resende Costa\"},\"image\":{\"@id\":\"https:\/\/visiteprados.com.br\/hospital\/#\/schema\/logo\/image\/\"},\"sameAs\":[\"https:\/\/www.instagram.com\/hospital_rc\/\"]}]}<\/script>\n<!-- \/ Yoast SEO plugin. -->","yoast_head_json":{"title":"Doa\u00e7\u00f5es - Hospital Nossa Senhora do Ros\u00e1rio - Resende Costa","robots":{"index":"index","follow":"follow","max-snippet":"max-snippet:-1","max-image-preview":"max-image-preview:large","max-video-preview":"max-video-preview:-1"},"canonical":"https:\/\/visiteprados.com.br\/hospital\/doacoes\/","og_locale":"pt_BR","og_type":"article","og_title":"Doa\u00e7\u00f5es - Hospital Nossa Senhora do Ros\u00e1rio - Resende Costa","og_description":"Doa\u00e7\u00f5es ASSOCIACAO FILHAS DE SAO CAMILO (Hospital) Chave pix: hospitalresendecosta@gmail.com Institui\u00e7\u00e3o: CC CREDIVERTENTES ASSOCIACAO FILHAS","og_url":"https:\/\/visiteprados.com.br\/hospital\/doacoes\/","og_site_name":"Hospital Nossa Senhora do Ros\u00e1rio - Resende Costa","article_publisher":"https:\/\/www.instagram.com\/hospital_rc\/","article_modified_time":"2026-03-31T18:37:21+00:00","twitter_card":"summary_large_image","twitter_misc":{"Est. tempo de leitura":"1 minuto"},"schema":{"@context":"https:\/\/schema.org","@graph":[{"@type":"WebPage","@id":"https:\/\/visiteprados.com.br\/hospital\/doacoes\/","url":"https:\/\/visiteprados.com.br\/hospital\/doacoes\/","name":"Doa\u00e7\u00f5es - Hospital Nossa Senhora do Ros\u00e1rio - Resende Costa","isPartOf":{"@id":"https:\/\/visiteprados.com.br\/hospital\/#website"},"datePublished":"2026-03-31T18:30:36+00:00","dateModified":"2026-03-31T18:37:21+00:00","breadcrumb":{"@id":"https:\/\/visiteprados.com.br\/hospital\/doacoes\/#breadcrumb"},"inLanguage":"pt-BR","potentialAction":[{"@type":"ReadAction","target":["https:\/\/visiteprados.com.br\/hospital\/doacoes\/"]}]},{"@type":"BreadcrumbList","@id":"https:\/\/visiteprados.com.br\/hospital\/doacoes\/#breadcrumb","itemListElement":[{"@type":"ListItem","position":1,"name":"In\u00edcio","item":"https:\/\/visiteprados.com.br\/hospital\/"},{"@type":"ListItem","position":2,"name":"Doa\u00e7\u00f5es"}]},{"@type":"WebSite","@id":"https:\/\/visiteprados.com.br\/hospital\/#website","url":"https:\/\/visiteprados.com.br\/hospital\/","name":"Hospital Nossa Senhora do Ros\u00e1rio - Resende Costa","description":"","publisher":{"@id":"https:\/\/visiteprados.com.br\/hospital\/#organization"},"potentialAction":[{"@type":"SearchAction","target":{"@type":"EntryPoint","urlTemplate":"https:\/\/visiteprados.com.br\/hospital\/?s={search_term_string}"},"query-input":{"@type":"PropertyValueSpecification","valueRequired":true,"valueName":"search_term_string"}}],"inLanguage":"pt-BR"},{"@type":"Organization","@id":"https:\/\/visiteprados.com.br\/hospital\/#organization","name":"Hospital Nossa Senhora do Ros\u00e1rio - Resende Costa","url":"https:\/\/visiteprados.com.br\/hospital\/","logo":{"@type":"ImageObject","inLanguage":"pt-BR","@id":"https:\/\/visiteprados.com.br\/hospital\/#\/schema\/logo\/image\/","url":"https:\/\/visiteprados.com.br\/hospital\/wp-content\/uploads\/2025\/11\/Frame-2.png","contentUrl":"https:\/\/visiteprados.com.br\/hospital\/wp-content\/uploads\/2025\/11\/Frame-2.png","width":357,"height":123,"caption":"Hospital Nossa Senhora do Ros\u00e1rio - Resende Costa"},"image":{"@id":"https:\/\/visiteprados.com.br\/hospital\/#\/schema\/logo\/image\/"},"sameAs":["https:\/\/www.instagram.com\/hospital_rc\/"]}]}},"_links":{"self":[{"href":"https:\/\/visiteprados.com.br\/hospital\/wp-json\/wp\/v2\/pages\/232","targetHints":{"allow":["GET"]}}],"collection":[{"href":"https:\/\/visiteprados.com.br\/hospital\/wp-json\/wp\/v2\/pages"}],"about":[{"href":"https:\/\/visiteprados.com.br\/hospital\/wp-json\/wp\/v2\/types\/page"}],"author":[{"embeddable":true,"href":"https:\/\/visiteprados.com.br\/hospital\/wp-json\/wp\/v2\/users\/1"}],"replies":[{"embeddable":true,"href":"https:\/\/visiteprados.com.br\/hospital\/wp-json\/wp\/v2\/comments?post=232"}],"version-history":[{"count":0,"href":"https:\/\/visiteprados.com.br\/hospital\/wp-json\/wp\/v2\/pages\/232\/revisions"}],"wp:attachment":[{"href":"https:\/\/visiteprados.com.br\/hospital\/wp-json\/wp\/v2\/media?parent=232"}],"curies":[{"name":"wp","href":"https:\/\/api.w.org\/{rel}","templated":true}]}}