{"id":155,"date":"2026-03-19T16:30:12","date_gmt":"2026-03-19T19:30:12","guid":{"rendered":"https:\/\/visiteprados.com.br\/hospital\/?page_id=155"},"modified":"2026-03-30T17:38:34","modified_gmt":"2026-03-30T20:38:34","slug":"setor-clinico","status":"publish","type":"page","link":"https:\/\/visiteprados.com.br\/hospital\/setor-clinico\/","title":{"rendered":"Setor Clinico"},"content":{"rendered":"\t\t<div data-elementor-type=\"wp-page\" data-elementor-id=\"155\" class=\"elementor elementor-155\">\n\t\t\t\t<div class=\"elementor-element elementor-element-e1393bc e-flex e-con-boxed wpr-particle-no wpr-jarallax-no wpr-parallax-no wpr-sticky-section-no e-con e-parent\" data-id=\"e1393bc\" data-element_type=\"container\">\n\t\t\t\t\t<div class=\"e-con-inner\">\n\t\t\t\t<div class=\"elementor-element elementor-element-2421077 elementor-widget elementor-widget-heading\" data-id=\"2421077\" data-element_type=\"widget\" data-widget_type=\"heading.default\">\n\t\t\t\t\t<h2 class=\"elementor-heading-title elementor-size-default\">Setor Clinico<\/h2>\t\t\t\t<\/div>\n\t\t\t\t<div class=\"elementor-element elementor-element-4551b45 elementor-widget elementor-widget-image\" data-id=\"4551b45\" data-element_type=\"widget\" data-widget_type=\"image.default\">\n\t\t\t\t\t\t\t\t\t\t\t\t\t\t\t<img decoding=\"async\" src=\"https:\/\/visiteprados.com.br\/hospital\/wp-content\/uploads\/elementor\/thumbs\/WhatsApp-Image-2026-03-25-at-18.05.59-rl2yepqdusmvq11gskcccloka5uu9xmr1pj62hghws.webp\" title=\"WhatsApp Image 2026-03-25 at 18.05.59\" alt=\"WhatsApp Image 2026-03-25 at 18.05.59\" loading=\"lazy\" \/>\t\t\t\t\t\t\t\t\t\t\t\t\t\t\t<\/div>\n\t\t\t\t<div class=\"elementor-element elementor-element-4a71e0b elementor-widget elementor-widget-spacer\" data-id=\"4a71e0b\" data-element_type=\"widget\" data-widget_type=\"spacer.default\">\n\t\t\t\t\t\t\t<div class=\"elementor-spacer\">\n\t\t\t<div class=\"elementor-spacer-inner\"><\/div>\n\t\t<\/div>\n\t\t\t\t\t\t<\/div>\n\t\t\t\t<div class=\"elementor-element elementor-element-34305aa elementor-widget elementor-widget-text-editor\" data-id=\"34305aa\" data-element_type=\"widget\" data-widget_type=\"text-editor.default\">\n\t\t\t\t\t\t\t\t\t<p style=\"text-align: center;\"><span style=\"color: #333333;\">O hospital oferece uma estrutura completa de atendimento, com servi\u00e7os pensados para atender \u00e0s diferentes necessidades da popula\u00e7\u00e3o com qualidade, seguran\u00e7a e humaniza\u00e7\u00e3o. Desde atendimentos especializados at\u00e9 situa\u00e7\u00f5es de urg\u00eancia, a institui\u00e7\u00e3o conta com equipe capacitada e suporte adequado para garantir um cuidado cont\u00ednuo e eficiente aos pacientes.<\/span><\/p>\t\t\t\t\t\t\t\t<\/div>\n\t\t\t\t<div class=\"elementor-element elementor-element-0b85787 e-n-tabs-mobile elementor-widget elementor-widget-n-tabs\" data-id=\"0b85787\" data-element_type=\"widget\" data-settings=\"{&quot;horizontal_scroll&quot;:&quot;disable&quot;}\" data-widget_type=\"nested-tabs.default\">\n\t\t\t\t\t\t\t<div class=\"e-n-tabs\" data-widget-number=\"12081031\" aria-label=\"Abas. Abra itens com &quot;Enter&quot; ou &quot;Espa\u00e7o&quot;, feche com &quot;Escape&quot; e navegue usando as teclas de &quot;Seta&quot;.\">\n\t\t\t<div class=\"e-n-tabs-heading\" role=\"tablist\">\n\t\t\t\t\t<button id=\"e-n-tab-title-120810311\" class=\"e-n-tab-title\" aria-selected=\"true\" data-tab-index=\"1\" role=\"tab\" tabindex=\"0\" aria-controls=\"e-n-tab-content-120810311\" style=\"--n-tabs-title-order: 1;\">\n\t\t\t\t\t\t<span class=\"e-n-tab-title-text\">\n\t\t\t\tInterna\u00e7\u00f5es\t\t\t<\/span>\n\t\t<\/button>\n\t\t\t\t<button id=\"e-n-tab-title-120810312\" class=\"e-n-tab-title\" aria-selected=\"false\" data-tab-index=\"2\" role=\"tab\" tabindex=\"-1\" aria-controls=\"e-n-tab-content-120810312\" style=\"--n-tabs-title-order: 2;\">\n\t\t\t\t\t\t<span class=\"e-n-tab-title-text\">\n\t\t\t\tPronto Socorro\t\t\t<\/span>\n\t\t<\/button>\n\t\t\t\t<button id=\"e-n-tab-title-120810313\" class=\"e-n-tab-title\" aria-selected=\"false\" data-tab-index=\"3\" role=\"tab\" tabindex=\"-1\" aria-controls=\"e-n-tab-content-120810313\" style=\"--n-tabs-title-order: 3;\">\n\t\t\t\t\t\t<span class=\"e-n-tab-title-text\">\n\t\t\t\tConsultas Especializadas\t\t\t<\/span>\n\t\t<\/button>\n\t\t\t\t\t<\/div>\n\t\t\t<div class=\"e-n-tabs-content\">\n\t\t\t\t<div id=\"e-n-tab-content-120810311\" role=\"tabpanel\" aria-labelledby=\"e-n-tab-title-120810311\" data-tab-index=\"1\" style=\"--n-tabs-title-order: 1;\" class=\"e-active elementor-element elementor-element-602c08e e-con-full e-flex wpr-particle-no wpr-jarallax-no wpr-parallax-no wpr-sticky-section-no e-con e-child\" data-id=\"602c08e\" data-element_type=\"container\">\n\t\t\t\t<div class=\"elementor-element elementor-element-cfa1945 elementor-widget elementor-widget-text-editor\" data-id=\"cfa1945\" data-element_type=\"widget\" data-widget_type=\"text-editor.default\">\n\t\t\t\t\t\t\t\t\t<p style=\"text-align: center;\"><span style=\"color: #333333;\">Estrutura completa para interna\u00e7\u00f5es cl\u00ednicas e cir\u00fargicas, garantindo conforto, seguran\u00e7a e acompanhamento cont\u00ednuo durante todo o per\u00edodo de perman\u00eancia. A equipe atua de forma integrada para assegurar um atendimento humanizado e eficiente.<\/span><\/p>\t\t\t\t\t\t\t\t<\/div>\n\t\t\t\t<\/div>\n\t\t<div id=\"e-n-tab-content-120810312\" role=\"tabpanel\" aria-labelledby=\"e-n-tab-title-120810312\" data-tab-index=\"2\" style=\"--n-tabs-title-order: 2;\" class=\" elementor-element elementor-element-0e469a8 e-con-full e-flex wpr-particle-no wpr-jarallax-no wpr-parallax-no wpr-sticky-section-no e-con e-child\" data-id=\"0e469a8\" data-element_type=\"container\">\n\t\t\t\t<div class=\"elementor-element elementor-element-d6583cf elementor-widget elementor-widget-text-editor\" data-id=\"d6583cf\" data-element_type=\"widget\" data-widget_type=\"text-editor.default\">\n\t\t\t\t\t\t\t\t\t<p style=\"text-align: center;\"><span style=\"color: #333333;\">Atendimento imediato para situa\u00e7\u00f5es de urg\u00eancia e emerg\u00eancia, com equipe preparada e dispon\u00edvel 24 horas por dia. O servi\u00e7o \u00e9 estruturado para oferecer agilidade, seguran\u00e7a e os primeiros cuidados essenciais em momentos cr\u00edticos.<\/span><\/p>\t\t\t\t\t\t\t\t<\/div>\n\t\t\t\t<\/div>\n\t\t<div id=\"e-n-tab-content-120810313\" role=\"tabpanel\" aria-labelledby=\"e-n-tab-title-120810313\" data-tab-index=\"3\" style=\"--n-tabs-title-order: 3;\" class=\" elementor-element elementor-element-c06901a e-con-full e-flex wpr-particle-no wpr-jarallax-no wpr-parallax-no wpr-sticky-section-no e-con e-child\" data-id=\"c06901a\" data-element_type=\"container\">\n\t\t\t\t<div class=\"elementor-element elementor-element-ef12b52 elementor-widget elementor-widget-text-editor\" data-id=\"ef12b52\" data-element_type=\"widget\" data-widget_type=\"text-editor.default\">\n\t\t\t\t\t\t\t\t\t<p style=\"text-align: center;\"><span style=\"color: #333333;\">Atendimento m\u00e9dico em diversas especialidades, proporcionando uma avalia\u00e7\u00e3o detalhada de cada caso e um acompanhamento individualizado. O objetivo \u00e9 oferecer diagn\u00f3sticos mais precisos e orientar o melhor tratamento para cada paciente, sempre com aten\u00e7\u00e3o \u00e0s suas necessidades espec\u00edficas.<\/span><\/p>\t\t\t\t\t\t\t\t<\/div>\n\t\t\t\t<\/div>\n\t\t\t\t\t<\/div>\n\t\t<\/div>\n\t\t\t\t\t\t<\/div>\n\t\t\t\t\t<\/div>\n\t\t\t\t<\/div>\n\t\t\t\t<\/div>\n\t\t\n    <div class=\"xs_social_share_widget xs_share_url after_content \t\tmain_content  wslu-style-1 wslu-share-box-shaped wslu-fill-colored wslu-none wslu-share-horizontal wslu-theme-font-no wslu-main_content\">\n\n\t\t\n        <ul>\n\t\t\t        <\/ul>\n    <\/div> \n","protected":false},"excerpt":{"rendered":"<p>Setor Clinico O hospital oferece uma estrutura completa de atendimento, com servi\u00e7os pensados para atender<\/p>\n","protected":false},"author":1,"featured_media":0,"parent":0,"menu_order":0,"comment_status":"closed","ping_status":"closed","template":"","meta":{"footnotes":""},"class_list":["post-155","page","type-page","status-publish","hentry"],"yoast_head":"<!-- This site is optimized with the Yoast SEO plugin v26.3 - https:\/\/yoast.com\/wordpress\/plugins\/seo\/ -->\n<title>Setor Clinico - Hospital Nossa Senhora do Ros\u00e1rio - Resende Costa<\/title>\n<meta name=\"robots\" content=\"index, follow, max-snippet:-1, max-image-preview:large, max-video-preview:-1\" \/>\n<link rel=\"canonical\" href=\"https:\/\/visiteprados.com.br\/hospital\/setor-clinico\/\" \/>\n<meta property=\"og:locale\" content=\"pt_BR\" \/>\n<meta property=\"og:type\" content=\"article\" \/>\n<meta property=\"og:title\" content=\"Setor Clinico - Hospital Nossa Senhora do Ros\u00e1rio - Resende Costa\" \/>\n<meta property=\"og:description\" content=\"Setor Clinico O hospital oferece uma estrutura completa de atendimento, com servi\u00e7os pensados para atender\" \/>\n<meta property=\"og:url\" content=\"https:\/\/visiteprados.com.br\/hospital\/setor-clinico\/\" \/>\n<meta property=\"og:site_name\" content=\"Hospital Nossa Senhora do Ros\u00e1rio - Resende Costa\" \/>\n<meta property=\"article:publisher\" content=\"https:\/\/www.instagram.com\/hospital_rc\/\" \/>\n<meta property=\"article:modified_time\" content=\"2026-03-30T20:38:34+00:00\" \/>\n<meta property=\"og:image\" content=\"https:\/\/visiteprados.com.br\/hospital\/wp-content\/uploads\/elementor\/thumbs\/WhatsApp-Image-2026-03-25-at-18.05.59-rl2yepqdusmvq11gskcccloka5uu9xmr1pj62hghws.webp\" \/>\n<meta name=\"twitter:card\" content=\"summary_large_image\" \/>\n<meta name=\"twitter:label1\" content=\"Est. tempo de leitura\" \/>\n\t<meta name=\"twitter:data1\" content=\"2 minutos\" \/>\n<script type=\"application\/ld+json\" class=\"yoast-schema-graph\">{\"@context\":\"https:\/\/schema.org\",\"@graph\":[{\"@type\":\"WebPage\",\"@id\":\"https:\/\/visiteprados.com.br\/hospital\/setor-clinico\/\",\"url\":\"https:\/\/visiteprados.com.br\/hospital\/setor-clinico\/\",\"name\":\"Setor Clinico - Hospital Nossa Senhora do Ros\u00e1rio - Resende Costa\",\"isPartOf\":{\"@id\":\"https:\/\/visiteprados.com.br\/hospital\/#website\"},\"primaryImageOfPage\":{\"@id\":\"https:\/\/visiteprados.com.br\/hospital\/setor-clinico\/#primaryimage\"},\"image\":{\"@id\":\"https:\/\/visiteprados.com.br\/hospital\/setor-clinico\/#primaryimage\"},\"thumbnailUrl\":\"https:\/\/visiteprados.com.br\/hospital\/wp-content\/uploads\/elementor\/thumbs\/WhatsApp-Image-2026-03-25-at-18.05.59-rl2yepqdusmvq11gskcccloka5uu9xmr1pj62hghws.webp\",\"datePublished\":\"2026-03-19T19:30:12+00:00\",\"dateModified\":\"2026-03-30T20:38:34+00:00\",\"breadcrumb\":{\"@id\":\"https:\/\/visiteprados.com.br\/hospital\/setor-clinico\/#breadcrumb\"},\"inLanguage\":\"pt-BR\",\"potentialAction\":[{\"@type\":\"ReadAction\",\"target\":[\"https:\/\/visiteprados.com.br\/hospital\/setor-clinico\/\"]}]},{\"@type\":\"ImageObject\",\"inLanguage\":\"pt-BR\",\"@id\":\"https:\/\/visiteprados.com.br\/hospital\/setor-clinico\/#primaryimage\",\"url\":\"https:\/\/visiteprados.com.br\/hospital\/wp-content\/uploads\/elementor\/thumbs\/WhatsApp-Image-2026-03-25-at-18.05.59-rl2yepqdusmvq11gskcccloka5uu9xmr1pj62hghws.webp\",\"contentUrl\":\"https:\/\/visiteprados.com.br\/hospital\/wp-content\/uploads\/elementor\/thumbs\/WhatsApp-Image-2026-03-25-at-18.05.59-rl2yepqdusmvq11gskcccloka5uu9xmr1pj62hghws.webp\"},{\"@type\":\"BreadcrumbList\",\"@id\":\"https:\/\/visiteprados.com.br\/hospital\/setor-clinico\/#breadcrumb\",\"itemListElement\":[{\"@type\":\"ListItem\",\"position\":1,\"name\":\"In\u00edcio\",\"item\":\"https:\/\/visiteprados.com.br\/hospital\/\"},{\"@type\":\"ListItem\",\"position\":2,\"name\":\"Setor Clinico\"}]},{\"@type\":\"WebSite\",\"@id\":\"https:\/\/visiteprados.com.br\/hospital\/#website\",\"url\":\"https:\/\/visiteprados.com.br\/hospital\/\",\"name\":\"Hospital Nossa Senhora do Ros\u00e1rio - Resende Costa\",\"description\":\"\",\"publisher\":{\"@id\":\"https:\/\/visiteprados.com.br\/hospital\/#organization\"},\"potentialAction\":[{\"@type\":\"SearchAction\",\"target\":{\"@type\":\"EntryPoint\",\"urlTemplate\":\"https:\/\/visiteprados.com.br\/hospital\/?s={search_term_string}\"},\"query-input\":{\"@type\":\"PropertyValueSpecification\",\"valueRequired\":true,\"valueName\":\"search_term_string\"}}],\"inLanguage\":\"pt-BR\"},{\"@type\":\"Organization\",\"@id\":\"https:\/\/visiteprados.com.br\/hospital\/#organization\",\"name\":\"Hospital Nossa Senhora do Ros\u00e1rio - Resende Costa\",\"url\":\"https:\/\/visiteprados.com.br\/hospital\/\",\"logo\":{\"@type\":\"ImageObject\",\"inLanguage\":\"pt-BR\",\"@id\":\"https:\/\/visiteprados.com.br\/hospital\/#\/schema\/logo\/image\/\",\"url\":\"https:\/\/visiteprados.com.br\/hospital\/wp-content\/uploads\/2025\/11\/Frame-2.png\",\"contentUrl\":\"https:\/\/visiteprados.com.br\/hospital\/wp-content\/uploads\/2025\/11\/Frame-2.png\",\"width\":357,\"height\":123,\"caption\":\"Hospital Nossa Senhora do Ros\u00e1rio - Resende Costa\"},\"image\":{\"@id\":\"https:\/\/visiteprados.com.br\/hospital\/#\/schema\/logo\/image\/\"},\"sameAs\":[\"https:\/\/www.instagram.com\/hospital_rc\/\"]}]}<\/script>\n<!-- \/ Yoast SEO plugin. -->","yoast_head_json":{"title":"Setor Clinico - Hospital Nossa Senhora do Ros\u00e1rio - Resende Costa","robots":{"index":"index","follow":"follow","max-snippet":"max-snippet:-1","max-image-preview":"max-image-preview:large","max-video-preview":"max-video-preview:-1"},"canonical":"https:\/\/visiteprados.com.br\/hospital\/setor-clinico\/","og_locale":"pt_BR","og_type":"article","og_title":"Setor Clinico - Hospital Nossa Senhora do Ros\u00e1rio - Resende Costa","og_description":"Setor Clinico O hospital oferece uma estrutura completa de atendimento, com servi\u00e7os pensados para atender","og_url":"https:\/\/visiteprados.com.br\/hospital\/setor-clinico\/","og_site_name":"Hospital Nossa Senhora do Ros\u00e1rio - Resende Costa","article_publisher":"https:\/\/www.instagram.com\/hospital_rc\/","article_modified_time":"2026-03-30T20:38:34+00:00","og_image":[{"url":"https:\/\/visiteprados.com.br\/hospital\/wp-content\/uploads\/elementor\/thumbs\/WhatsApp-Image-2026-03-25-at-18.05.59-rl2yepqdusmvq11gskcccloka5uu9xmr1pj62hghws.webp","type":"","width":"","height":""}],"twitter_card":"summary_large_image","twitter_misc":{"Est. tempo de leitura":"2 minutos"},"schema":{"@context":"https:\/\/schema.org","@graph":[{"@type":"WebPage","@id":"https:\/\/visiteprados.com.br\/hospital\/setor-clinico\/","url":"https:\/\/visiteprados.com.br\/hospital\/setor-clinico\/","name":"Setor Clinico - Hospital Nossa Senhora do Ros\u00e1rio - Resende Costa","isPartOf":{"@id":"https:\/\/visiteprados.com.br\/hospital\/#website"},"primaryImageOfPage":{"@id":"https:\/\/visiteprados.com.br\/hospital\/setor-clinico\/#primaryimage"},"image":{"@id":"https:\/\/visiteprados.com.br\/hospital\/setor-clinico\/#primaryimage"},"thumbnailUrl":"https:\/\/visiteprados.com.br\/hospital\/wp-content\/uploads\/elementor\/thumbs\/WhatsApp-Image-2026-03-25-at-18.05.59-rl2yepqdusmvq11gskcccloka5uu9xmr1pj62hghws.webp","datePublished":"2026-03-19T19:30:12+00:00","dateModified":"2026-03-30T20:38:34+00:00","breadcrumb":{"@id":"https:\/\/visiteprados.com.br\/hospital\/setor-clinico\/#breadcrumb"},"inLanguage":"pt-BR","potentialAction":[{"@type":"ReadAction","target":["https:\/\/visiteprados.com.br\/hospital\/setor-clinico\/"]}]},{"@type":"ImageObject","inLanguage":"pt-BR","@id":"https:\/\/visiteprados.com.br\/hospital\/setor-clinico\/#primaryimage","url":"https:\/\/visiteprados.com.br\/hospital\/wp-content\/uploads\/elementor\/thumbs\/WhatsApp-Image-2026-03-25-at-18.05.59-rl2yepqdusmvq11gskcccloka5uu9xmr1pj62hghws.webp","contentUrl":"https:\/\/visiteprados.com.br\/hospital\/wp-content\/uploads\/elementor\/thumbs\/WhatsApp-Image-2026-03-25-at-18.05.59-rl2yepqdusmvq11gskcccloka5uu9xmr1pj62hghws.webp"},{"@type":"BreadcrumbList","@id":"https:\/\/visiteprados.com.br\/hospital\/setor-clinico\/#breadcrumb","itemListElement":[{"@type":"ListItem","position":1,"name":"In\u00edcio","item":"https:\/\/visiteprados.com.br\/hospital\/"},{"@type":"ListItem","position":2,"name":"Setor Clinico"}]},{"@type":"WebSite","@id":"https:\/\/visiteprados.com.br\/hospital\/#website","url":"https:\/\/visiteprados.com.br\/hospital\/","name":"Hospital Nossa Senhora do Ros\u00e1rio - Resende Costa","description":"","publisher":{"@id":"https:\/\/visiteprados.com.br\/hospital\/#organization"},"potentialAction":[{"@type":"SearchAction","target":{"@type":"EntryPoint","urlTemplate":"https:\/\/visiteprados.com.br\/hospital\/?s={search_term_string}"},"query-input":{"@type":"PropertyValueSpecification","valueRequired":true,"valueName":"search_term_string"}}],"inLanguage":"pt-BR"},{"@type":"Organization","@id":"https:\/\/visiteprados.com.br\/hospital\/#organization","name":"Hospital Nossa Senhora do Ros\u00e1rio - Resende Costa","url":"https:\/\/visiteprados.com.br\/hospital\/","logo":{"@type":"ImageObject","inLanguage":"pt-BR","@id":"https:\/\/visiteprados.com.br\/hospital\/#\/schema\/logo\/image\/","url":"https:\/\/visiteprados.com.br\/hospital\/wp-content\/uploads\/2025\/11\/Frame-2.png","contentUrl":"https:\/\/visiteprados.com.br\/hospital\/wp-content\/uploads\/2025\/11\/Frame-2.png","width":357,"height":123,"caption":"Hospital Nossa Senhora do Ros\u00e1rio - Resende Costa"},"image":{"@id":"https:\/\/visiteprados.com.br\/hospital\/#\/schema\/logo\/image\/"},"sameAs":["https:\/\/www.instagram.com\/hospital_rc\/"]}]}},"_links":{"self":[{"href":"https:\/\/visiteprados.com.br\/hospital\/wp-json\/wp\/v2\/pages\/155","targetHints":{"allow":["GET"]}}],"collection":[{"href":"https:\/\/visiteprados.com.br\/hospital\/wp-json\/wp\/v2\/pages"}],"about":[{"href":"https:\/\/visiteprados.com.br\/hospital\/wp-json\/wp\/v2\/types\/page"}],"author":[{"embeddable":true,"href":"https:\/\/visiteprados.com.br\/hospital\/wp-json\/wp\/v2\/users\/1"}],"replies":[{"embeddable":true,"href":"https:\/\/visiteprados.com.br\/hospital\/wp-json\/wp\/v2\/comments?post=155"}],"version-history":[{"count":0,"href":"https:\/\/visiteprados.com.br\/hospital\/wp-json\/wp\/v2\/pages\/155\/revisions"}],"wp:attachment":[{"href":"https:\/\/visiteprados.com.br\/hospital\/wp-json\/wp\/v2\/media?parent=155"}],"curies":[{"name":"wp","href":"https:\/\/api.w.org\/{rel}","templated":true}]}}